{"id":3617,"date":"2025-04-10T10:07:06","date_gmt":"2025-04-10T02:07:06","guid":{"rendered":"https:\/\/www.mubtf.com\/?post_type=product&#038;p=3617"},"modified":"2025-05-28T15:00:56","modified_gmt":"2025-05-28T07:00:56","slug":"in-stock-mini-portable-3ml-clear-transparent-square-roll-on-glass-bottle-with-steel-ball","status":"publish","type":"product","link":"https:\/\/www.mubtf.com\/fr\/product\/in-stock-mini-portable-3ml-clear-transparent-square-roll-on-glass-bottle-with-steel-ball\/","title":{"rendered":"En Stock Mini Portable 3ml transparent carr\u00e9 rouleau sur bouteille en verre avec boule en acier"},"content":{"rendered":"<p>Article: Petit rouleau sur bouteille en verre<br \/>\nMat\u00e9riel: bouteille en verre bouchon en aluminium en acier<br \/>\nTaille: 3ml<br \/>\nCouleur: Transparent<br \/>\nMOQ: 1000PCS<\/p>","protected":false},"excerpt":{"rendered":"<p>Capacit\u00e9: 10ml<br \/>\nMarque: MUB<br \/>\nOrigine du produit: Yiwu, Chine<br \/>\nD\u00e9lai de livraison: (1) En stock: Dans les 5 ~ 10 jours apr\u00e8s r\u00e9ception du paiement.  (2) En rupture de stock: 25 ~ 40 jours apr\u00e8s r\u00e9ception du paiement.<\/p>","protected":false},"featured_media":3618,"comment_status":"open","ping_status":"closed","template":"","meta":{"_joinchat":[]},"product_brand":[],"product_cat":[194],"product_tag":[120],"class_list":{"0":"post-3617","1":"product","2":"type-product","3":"status-publish","4":"has-post-thumbnail","6":"product_cat-glass-roll-on-bottle","7":"product_tag-3ml-square-roll-bottle-with-aluminum-cap","9":"first","10":"instock","11":"shipping-taxable","12":"product-type-simple"},"_links":{"self":[{"href":"https:\/\/www.mubtf.com\/fr\/wp-json\/wp\/v2\/product\/3617","targetHints":{"allow":["GET"]}}],"collection":[{"href":"https:\/\/www.mubtf.com\/fr\/wp-json\/wp\/v2\/product"}],"about":[{"href":"https:\/\/www.mubtf.com\/fr\/wp-json\/wp\/v2\/types\/product"}],"replies":[{"embeddable":true,"href":"https:\/\/www.mubtf.com\/fr\/wp-json\/wp\/v2\/comments?post=3617"}],"wp:featuredmedia":[{"embeddable":true,"href":"https:\/\/www.mubtf.com\/fr\/wp-json\/wp\/v2\/media\/3618"}],"wp:attachment":[{"href":"https:\/\/www.mubtf.com\/fr\/wp-json\/wp\/v2\/media?parent=3617"}],"wp:term":[{"taxonomy":"product_brand","embeddable":true,"href":"https:\/\/www.mubtf.com\/fr\/wp-json\/wp\/v2\/product_brand?post=3617"},{"taxonomy":"product_cat","embeddable":true,"href":"https:\/\/www.mubtf.com\/fr\/wp-json\/wp\/v2\/product_cat?post=3617"},{"taxonomy":"product_tag","embeddable":true,"href":"https:\/\/www.mubtf.com\/fr\/wp-json\/wp\/v2\/product_tag?post=3617"}],"curies":[{"name":"WP","href":"https:\/\/api.w.org\/{rel}","templated":true}]}}