{"id":3779,"date":"2025-04-12T17:35:44","date_gmt":"2025-04-12T09:35:44","guid":{"rendered":"https:\/\/www.mubtf.com\/?post_type=product&#038;p=3779"},"modified":"2025-05-28T14:57:04","modified_gmt":"2025-05-28T06:57:04","slug":"mub-hot-sale-50ml-100ml-trapezoid-crimp-thick-glass-perfume-bottle","status":"publish","type":"product","link":"https:\/\/www.mubtf.com\/fr\/product\/mub-hot-sale-50ml-100ml-trapezoid-crimp-thick-glass-perfume-bottle\/","title":{"rendered":"MUB vente chaude 50ml 100ml trap\u00e9zo\u00efde sertie \u00e9paisse bouteille de parfum en verre"},"content":{"rendered":"<p>Article:50ml 100ml bouteille de verre de parfum<\/p>\n<p>Mat\u00e9riel: bouteille de verre en aluminium couvercle en plastique\/acrylique<\/p>\n<p>Couleur du couvercle: noir, clair<\/p>\n<p>MOQ: 500pcs<\/p>","protected":false},"excerpt":{"rendered":"<div class=\"detail-attr-item\">\n<div class=\"detail-attr-item\">\n<div>Capacit\u00e9: 50ml 100ml. Peut remplir le parfum<\/div>\n<div class=\"detail-attr-label\">Marque: MUB<\/div>\n<\/div>\n<div class=\"detail-attr-item\">\n<div class=\"detail-attr-label\">Origine du produit: Yiwu, Chine<\/div>\n<\/div>\n<div class=\"detail-attr-item\">\n<div class=\"detail-attr-label\">D\u00e9lai de livraison: (1) En stock: Dans les 5 ~ 10 jours apr\u00e8s r\u00e9ception du paiement.  (2) En rupture de stock: 25 ~ 40 jours apr\u00e8s r\u00e9ception du paiement.<\/div>\n<\/div>\n<\/div>","protected":false},"featured_media":3780,"comment_status":"open","ping_status":"closed","template":"","meta":{"_joinchat":[]},"product_brand":[],"product_cat":[192],"product_tag":[43,83,122],"class_list":{"0":"post-3779","1":"product","2":"type-product","3":"status-publish","4":"has-post-thumbnail","6":"product_cat-crimp-glass-bottle","7":"product_tag-crimp-perfume-bottle","8":"product_tag-lid","9":"product_tag-square","11":"first","12":"instock","13":"shipping-taxable","14":"product-type-simple"},"_links":{"self":[{"href":"https:\/\/www.mubtf.com\/fr\/wp-json\/wp\/v2\/product\/3779","targetHints":{"allow":["GET"]}}],"collection":[{"href":"https:\/\/www.mubtf.com\/fr\/wp-json\/wp\/v2\/product"}],"about":[{"href":"https:\/\/www.mubtf.com\/fr\/wp-json\/wp\/v2\/types\/product"}],"replies":[{"embeddable":true,"href":"https:\/\/www.mubtf.com\/fr\/wp-json\/wp\/v2\/comments?post=3779"}],"wp:featuredmedia":[{"embeddable":true,"href":"https:\/\/www.mubtf.com\/fr\/wp-json\/wp\/v2\/media\/3780"}],"wp:attachment":[{"href":"https:\/\/www.mubtf.com\/fr\/wp-json\/wp\/v2\/media?parent=3779"}],"wp:term":[{"taxonomy":"product_brand","embeddable":true,"href":"https:\/\/www.mubtf.com\/fr\/wp-json\/wp\/v2\/product_brand?post=3779"},{"taxonomy":"product_cat","embeddable":true,"href":"https:\/\/www.mubtf.com\/fr\/wp-json\/wp\/v2\/product_cat?post=3779"},{"taxonomy":"product_tag","embeddable":true,"href":"https:\/\/www.mubtf.com\/fr\/wp-json\/wp\/v2\/product_tag?post=3779"}],"curies":[{"name":"wp","href":"https:\/\/api.w.org\/{rel}","templated":true}]}}