{"id":4076,"date":"2025-04-22T15:40:17","date_gmt":"2025-04-22T07:40:17","guid":{"rendered":"https:\/\/www.mubtf.com\/?post_type=product&#038;p=4076"},"modified":"2025-05-28T14:49:41","modified_gmt":"2025-05-28T06:49:41","slug":"mub-hot-sale-3ml-essential-oil-perfume-roll-on-glass-roller-bottle","status":"publish","type":"product","link":"https:\/\/www.mubtf.com\/fr\/product\/mub-hot-sale-3ml-essential-oil-perfume-roll-on-glass-roller-bottle\/","title":{"rendered":"MUB vente chaude 3ml huile essentielle rouleau de parfum sur bouteille de rouleau en verre"},"content":{"rendered":"<p>Article: bouteille de verre de parfum de 3ml<\/p>\n<p>Mat\u00e9riel: bouteille en verre bo\u00eetier en plastique boule en acier<\/p>\n<p>Couleur: rouge, or<\/p>\n<p>MOQ: 1000pcs<\/p>","protected":false},"excerpt":{"rendered":"<div class=\"detail-attr-item\">\n<div class=\"detail-attr-item\">\n<div>Capacit\u00e9: 3ml. Peut remplir le parfum<\/div>\n<div class=\"detail-attr-label\">Marque: MUB<\/div>\n<\/div>\n<div class=\"detail-attr-item\">\n<div class=\"detail-attr-label\">Origine du produit: Yiwu, Chine<\/div>\n<\/div>\n<div class=\"detail-attr-item\">\n<div class=\"detail-attr-label\">D\u00e9lai de livraison: (1) En stock: Dans les 5 ~ 10 jours apr\u00e8s r\u00e9ception du paiement.  (2) En rupture de stock: 25 ~ 40 jours apr\u00e8s r\u00e9ception du paiement.<\/div>\n<\/div>\n<\/div>","protected":false},"featured_media":4081,"comment_status":"open","ping_status":"closed","template":"","meta":{"_joinchat":[]},"product_brand":[],"product_cat":[194],"product_tag":[72],"class_list":{"0":"post-4076","1":"product","2":"type-product","3":"status-publish","4":"has-post-thumbnail","6":"product_cat-glass-roll-on-bottle","7":"product_tag-mini-essential-oil-bottle","9":"first","10":"instock","11":"shipping-taxable","12":"product-type-simple"},"_links":{"self":[{"href":"https:\/\/www.mubtf.com\/fr\/wp-json\/wp\/v2\/product\/4076","targetHints":{"allow":["GET"]}}],"collection":[{"href":"https:\/\/www.mubtf.com\/fr\/wp-json\/wp\/v2\/product"}],"about":[{"href":"https:\/\/www.mubtf.com\/fr\/wp-json\/wp\/v2\/types\/product"}],"replies":[{"embeddable":true,"href":"https:\/\/www.mubtf.com\/fr\/wp-json\/wp\/v2\/comments?post=4076"}],"wp:featuredmedia":[{"embeddable":true,"href":"https:\/\/www.mubtf.com\/fr\/wp-json\/wp\/v2\/media\/4081"}],"wp:attachment":[{"href":"https:\/\/www.mubtf.com\/fr\/wp-json\/wp\/v2\/media?parent=4076"}],"wp:term":[{"taxonomy":"product_brand","embeddable":true,"href":"https:\/\/www.mubtf.com\/fr\/wp-json\/wp\/v2\/product_brand?post=4076"},{"taxonomy":"product_cat","embeddable":true,"href":"https:\/\/www.mubtf.com\/fr\/wp-json\/wp\/v2\/product_cat?post=4076"},{"taxonomy":"product_tag","embeddable":true,"href":"https:\/\/www.mubtf.com\/fr\/wp-json\/wp\/v2\/product_tag?post=4076"}],"curies":[{"name":"WP","href":"https:\/\/api.w.org\/{rel}","templated":true}]}}