{"id":4393,"date":"2025-04-24T15:56:46","date_gmt":"2025-04-24T07:56:46","guid":{"rendered":"https:\/\/www.mubtf.com\/?post_type=product&#038;p=4393"},"modified":"2025-05-28T14:46:41","modified_gmt":"2025-05-28T06:46:41","slug":"8ml-twist-aluminum-atomizer-empty-round-rotating-refillable-8ml-perfume-atomizer-rotation-aluminum-parfum-glass-spray-bottle","status":"publish","type":"product","link":"https:\/\/www.mubtf.com\/fr\/product\/8ml-twist-aluminum-atomizer-empty-round-rotating-refillable-8ml-perfume-atomizer-rotation-aluminum-parfum-glass-spray-bottle\/","title":{"rendered":"8ml Twist atomiseur d'aluminium vide rond rotatif rechargeable 8ml atomiseur de parfum de rotation en aluminium parfum verre bouteille de pulv\u00e9risation"},"content":{"rendered":"<p>Mat\u00e9riel de base: aluminium<br \/>\nManipulation d'impression: s\u00e9rigraphie<br \/>\nForme : ROUND<br \/>\nMat\u00e9riel: corps en verre en aluminium<\/p>","protected":false},"excerpt":{"rendered":"<p>Marque: MUB<br \/>\nOrigine du produit: Yiwu, Chine<br \/>\nD\u00e9lai de livraison: (1) En stock: Dans les 5 ~ 10 jours apr\u00e8s r\u00e9ception du paiement.<br \/>\n(2) En rupture de stock: 25 ~ 40 jours apr\u00e8s r\u00e9ception du paiement.<\/p>","protected":false},"featured_media":4430,"comment_status":"open","ping_status":"closed","template":"","meta":{"_joinchat":[]},"product_brand":[],"product_cat":[23],"product_tag":[114,170,145,169],"class_list":{"0":"post-4393","1":"product","2":"type-product","3":"status-publish","4":"has-post-thumbnail","6":"product_cat-aluminum-perfume-atomizers","7":"product_tag-8ml","8":"product_tag-parfum-glass-spray-bottle","9":"product_tag-refillable","10":"product_tag-rotating","12":"first","13":"instock","14":"shipping-taxable","15":"product-type-simple"},"_links":{"self":[{"href":"https:\/\/www.mubtf.com\/fr\/wp-json\/wp\/v2\/product\/4393","targetHints":{"allow":["GET"]}}],"collection":[{"href":"https:\/\/www.mubtf.com\/fr\/wp-json\/wp\/v2\/product"}],"about":[{"href":"https:\/\/www.mubtf.com\/fr\/wp-json\/wp\/v2\/types\/product"}],"replies":[{"embeddable":true,"href":"https:\/\/www.mubtf.com\/fr\/wp-json\/wp\/v2\/comments?post=4393"}],"wp:featuredmedia":[{"embeddable":true,"href":"https:\/\/www.mubtf.com\/fr\/wp-json\/wp\/v2\/media\/4430"}],"wp:attachment":[{"href":"https:\/\/www.mubtf.com\/fr\/wp-json\/wp\/v2\/media?parent=4393"}],"wp:term":[{"taxonomy":"product_brand","embeddable":true,"href":"https:\/\/www.mubtf.com\/fr\/wp-json\/wp\/v2\/product_brand?post=4393"},{"taxonomy":"product_cat","embeddable":true,"href":"https:\/\/www.mubtf.com\/fr\/wp-json\/wp\/v2\/product_cat?post=4393"},{"taxonomy":"product_tag","embeddable":true,"href":"https:\/\/www.mubtf.com\/fr\/wp-json\/wp\/v2\/product_tag?post=4393"}],"curies":[{"name":"WP","href":"https:\/\/api.w.org\/{rel}","templated":true}]}}