{"id":4555,"date":"2025-04-29T15:19:06","date_gmt":"2025-04-29T07:19:06","guid":{"rendered":"https:\/\/www.mubtf.com\/?post_type=product&#038;p=4555"},"modified":"2025-05-28T14:43:33","modified_gmt":"2025-05-28T06:43:33","slug":"mub-bulk-custom-package-30ml-50ml-100ml-frosted-premium-perfume-dispenser-glass-fine-mist-spray-bottle","status":"publish","type":"product","link":"https:\/\/www.mubtf.com\/fr\/product\/mub-bulk-custom-package-30ml-50ml-100ml-frosted-premium-perfume-dispenser-glass-fine-mist-spray-bottle\/","title":{"rendered":"MUB Emballage personnalis\u00e9 en vrac 30ml 50ml 100ml Bouteille de pulv\u00e9risation de brume fine en verre de distributeur de parfum de qualit\u00e9 sup\u00e9rieure"},"content":{"rendered":"<p>Mat\u00e9riel de base: verre<br \/>\nManipulation d'impression: s\u00e9rigraphie<br \/>\nForme: plat<br \/>\nMat\u00e9riel: Bouteille en verre en aluminium en aluminium<\/p>","protected":false},"excerpt":{"rendered":"<p>Marque: MUB<br \/>\nOrigine du produit: Yiwu, Chine<br \/>\nD\u00e9lai de livraison: (1) En stock: Dans les 5 ~ 10 jours apr\u00e8s r\u00e9ception du paiement.<br \/>\n(2) En rupture de stock: 25 ~ 40 jours apr\u00e8s r\u00e9ception du paiement.<\/p>","protected":false},"featured_media":4556,"comment_status":"open","ping_status":"closed","template":"","meta":{"_joinchat":[]},"product_brand":[],"product_cat":[191],"product_tag":[89,90,119,135,178,177],"class_list":{"0":"post-4555","1":"product","2":"type-product","3":"status-publish","4":"has-post-thumbnail","6":"product_cat-screw-glass-bottle","7":"product_tag-30ml","8":"product_tag-50ml","9":"product_tag-frosted","10":"product_tag-glass-spray-bottle","11":"product_tag-perfume-dispenser","12":"product_tag-premium","14":"first","15":"instock","16":"shipping-taxable","17":"product-type-simple"},"_links":{"self":[{"href":"https:\/\/www.mubtf.com\/fr\/wp-json\/wp\/v2\/product\/4555","targetHints":{"allow":["GET"]}}],"collection":[{"href":"https:\/\/www.mubtf.com\/fr\/wp-json\/wp\/v2\/product"}],"about":[{"href":"https:\/\/www.mubtf.com\/fr\/wp-json\/wp\/v2\/types\/product"}],"replies":[{"embeddable":true,"href":"https:\/\/www.mubtf.com\/fr\/wp-json\/wp\/v2\/comments?post=4555"}],"wp:featuredmedia":[{"embeddable":true,"href":"https:\/\/www.mubtf.com\/fr\/wp-json\/wp\/v2\/media\/4556"}],"wp:attachment":[{"href":"https:\/\/www.mubtf.com\/fr\/wp-json\/wp\/v2\/media?parent=4555"}],"wp:term":[{"taxonomy":"product_brand","embeddable":true,"href":"https:\/\/www.mubtf.com\/fr\/wp-json\/wp\/v2\/product_brand?post=4555"},{"taxonomy":"product_cat","embeddable":true,"href":"https:\/\/www.mubtf.com\/fr\/wp-json\/wp\/v2\/product_cat?post=4555"},{"taxonomy":"product_tag","embeddable":true,"href":"https:\/\/www.mubtf.com\/fr\/wp-json\/wp\/v2\/product_tag?post=4555"}],"curies":[{"name":"WP","href":"https:\/\/api.w.org\/{rel}","templated":true}]}}