{"id":4563,"date":"2025-04-29T15:50:36","date_gmt":"2025-04-29T07:50:36","guid":{"rendered":"https:\/\/www.mubtf.com\/?post_type=product&#038;p=4563"},"modified":"2025-06-04T15:14:27","modified_gmt":"2025-06-04T07:14:27","slug":"new-design-empty-bottle-30ml-50ml-factory-price-crimp-neck-cosmetic-bottle-perfume-glass-bottle-with-egg-shape-cap","status":"publish","type":"product","link":"https:\/\/www.mubtf.com\/fr\/product\/new-design-empty-bottle-30ml-50ml-factory-price-crimp-neck-cosmetic-bottle-perfume-glass-bottle-with-egg-shape-cap\/","title":{"rendered":"Nouvelle conception Vide bouteille 30ml 50ml prix d'usine bouteille cosm\u00e9tique cou bouteille en verre de parfum avec bouchon en forme d'\u0153uf"},"content":{"rendered":"<p>Mat\u00e9riel de base: verre<br \/>\nManipulation d'impression: s\u00e9rigraphie<br \/>\nForme: carr\u00e9<br \/>\nMat\u00e9riel: Bouteille en verre en aluminium PP CAP<\/p>","protected":false},"excerpt":{"rendered":"<p>Marque: MUB<br \/>\nOrigine du produit: Yiwu, Chine<br \/>\nD\u00e9lai de livraison: (1) En stock: Dans les 5 ~ 10 jours apr\u00e8s r\u00e9ception du paiement.<br \/>\n(2) En rupture de stock: 25 ~ 40 jours apr\u00e8s r\u00e9ception du paiement.<\/p>","protected":false},"featured_media":4564,"comment_status":"open","ping_status":"closed","template":"","meta":{"_joinchat":[]},"product_brand":[],"product_cat":[191],"product_tag":[89,90,179,93,180],"class_list":{"0":"post-4563","1":"product","2":"type-product","3":"status-publish","4":"has-post-thumbnail","6":"product_cat-screw-glass-bottle","7":"product_tag-30ml","8":"product_tag-50ml","9":"product_tag-crimp-neck","10":"product_tag-perfume-glass-bottle","11":"product_tag-with-egg-shape-cap","13":"first","14":"instock","15":"shipping-taxable","16":"product-type-simple"},"_links":{"self":[{"href":"https:\/\/www.mubtf.com\/fr\/wp-json\/wp\/v2\/product\/4563","targetHints":{"allow":["GET"]}}],"collection":[{"href":"https:\/\/www.mubtf.com\/fr\/wp-json\/wp\/v2\/product"}],"about":[{"href":"https:\/\/www.mubtf.com\/fr\/wp-json\/wp\/v2\/types\/product"}],"replies":[{"embeddable":true,"href":"https:\/\/www.mubtf.com\/fr\/wp-json\/wp\/v2\/comments?post=4563"}],"wp:featuredmedia":[{"embeddable":true,"href":"https:\/\/www.mubtf.com\/fr\/wp-json\/wp\/v2\/media\/4564"}],"wp:attachment":[{"href":"https:\/\/www.mubtf.com\/fr\/wp-json\/wp\/v2\/media?parent=4563"}],"wp:term":[{"taxonomy":"product_brand","embeddable":true,"href":"https:\/\/www.mubtf.com\/fr\/wp-json\/wp\/v2\/product_brand?post=4563"},{"taxonomy":"product_cat","embeddable":true,"href":"https:\/\/www.mubtf.com\/fr\/wp-json\/wp\/v2\/product_cat?post=4563"},{"taxonomy":"product_tag","embeddable":true,"href":"https:\/\/www.mubtf.com\/fr\/wp-json\/wp\/v2\/product_tag?post=4563"}],"curies":[{"name":"WP","href":"https:\/\/api.w.org\/{rel}","templated":true}]}}