{"id":4624,"date":"2025-04-30T14:30:08","date_gmt":"2025-04-30T06:30:08","guid":{"rendered":"https:\/\/www.mubtf.com\/?post_type=product&#038;p=4624"},"modified":"2025-05-28T14:40:49","modified_gmt":"2025-05-28T06:40:49","slug":"mub-5ml-luxury-essential-oil-bottle-rose-gold-aluminum-collar-with-precision-rubber-bulb-dropper-bulk","status":"publish","type":"product","link":"https:\/\/www.mubtf.com\/fr\/product\/mub-5ml-luxury-essential-oil-bottle-rose-gold-aluminum-collar-with-precision-rubber-bulb-dropper-bulk\/","title":{"rendered":"MUB 5ml Bouteille d'huile essentielle de luxe Collier en aluminium en or rose avec ampoule en caoutchouc de pr\u00e9cision en vrac"},"content":{"rendered":"<p>Article: bouteille d'huile essentielle de 5ml<\/p>\n<p>Mat\u00e9riel: Bouteille en verre Couverture en aluminium<\/p>\n<p>Taille: 19 * 52mm<\/p>\n<p>Couleur: clair<\/p>\n<p>MOQ: 1000pcs<\/p>","protected":false},"excerpt":{"rendered":"<div class=\"detail-attr-item\">\n<div class=\"detail-attr-item\">\n<div>Capacit\u00e9: 5ml. Peut remplir parfum \/ huile essentielle<\/div>\n<div class=\"detail-attr-label\">Marque: MUB<\/div>\n<\/div>\n<div class=\"detail-attr-item\">\n<div class=\"detail-attr-label\">Origine du produit: Yiwu, Chine<\/div>\n<\/div>\n<div class=\"detail-attr-item\">\n<div class=\"detail-attr-label\">D\u00e9lai de livraison: (1) En stock: Dans les 5 ~ 10 jours apr\u00e8s r\u00e9ception du paiement.  (2) En rupture de stock: 25 ~ 40 jours apr\u00e8s r\u00e9ception du paiement.<\/div>\n<\/div>\n<\/div>","protected":false},"featured_media":4625,"comment_status":"open","ping_status":"closed","template":"","meta":{"_joinchat":[]},"product_brand":[],"product_cat":[195],"product_tag":[71],"class_list":{"0":"post-4624","1":"product","2":"type-product","3":"status-publish","4":"has-post-thumbnail","6":"product_cat-rubber-dropper-bottle","7":"product_tag-essential-oil-bottle","9":"first","10":"instock","11":"shipping-taxable","12":"product-type-simple"},"_links":{"self":[{"href":"https:\/\/www.mubtf.com\/fr\/wp-json\/wp\/v2\/product\/4624","targetHints":{"allow":["GET"]}}],"collection":[{"href":"https:\/\/www.mubtf.com\/fr\/wp-json\/wp\/v2\/product"}],"about":[{"href":"https:\/\/www.mubtf.com\/fr\/wp-json\/wp\/v2\/types\/product"}],"replies":[{"embeddable":true,"href":"https:\/\/www.mubtf.com\/fr\/wp-json\/wp\/v2\/comments?post=4624"}],"wp:featuredmedia":[{"embeddable":true,"href":"https:\/\/www.mubtf.com\/fr\/wp-json\/wp\/v2\/media\/4625"}],"wp:attachment":[{"href":"https:\/\/www.mubtf.com\/fr\/wp-json\/wp\/v2\/media?parent=4624"}],"wp:term":[{"taxonomy":"product_brand","embeddable":true,"href":"https:\/\/www.mubtf.com\/fr\/wp-json\/wp\/v2\/product_brand?post=4624"},{"taxonomy":"product_cat","embeddable":true,"href":"https:\/\/www.mubtf.com\/fr\/wp-json\/wp\/v2\/product_cat?post=4624"},{"taxonomy":"product_tag","embeddable":true,"href":"https:\/\/www.mubtf.com\/fr\/wp-json\/wp\/v2\/product_tag?post=4624"}],"curies":[{"name":"WP","href":"https:\/\/api.w.org\/{rel}","templated":true}]}}