{"id":4845,"date":"2025-05-07T17:35:53","date_gmt":"2025-05-07T09:35:53","guid":{"rendered":"https:\/\/www.mubtf.com\/?post_type=product&#038;p=4845"},"modified":"2025-06-04T15:02:37","modified_gmt":"2025-06-04T07:02:37","slug":"mub-wholesale-empty-round-shape-custom-logo-30ml-50ml-100ml-crimp-neck-perfume-glass-bottles-with-ball-cap","status":"publish","type":"product","link":"https:\/\/www.mubtf.com\/fr\/product\/mub-wholesale-empty-round-shape-custom-logo-30ml-50ml-100ml-crimp-neck-perfume-glass-bottles-with-ball-cap\/","title":{"rendered":"MUB en gros vide forme ronde logo personnalis\u00e9 30ml 50ml 100ml bouteilles en verre de parfum rechargeables avec bouchon \u00e0 bille"},"content":{"rendered":"<p>Mat\u00e9riel de base: verre<br \/>\nManipulation d'impression: s\u00e9rigraphie<br \/>\nForme: ronde<br \/>\nMat\u00e9riel: Bouteille en verre en aluminium<\/p>","protected":false},"excerpt":{"rendered":"<p>Marque: MUB<br \/>\nOrigine du produit: Yiwu, Chine<br \/>\nD\u00e9lai de livraison: (1) En stock: Dans les 5 ~ 10 jours apr\u00e8s r\u00e9ception du paiement.<br \/>\n(2) En rupture de stock: 25 ~ 40 jours apr\u00e8s r\u00e9ception du paiement.<\/p>","protected":false},"featured_media":4846,"comment_status":"open","ping_status":"closed","template":"","meta":{"_joinchat":[]},"product_brand":[],"product_cat":[191],"product_tag":[91,89,90,179,138,188,187,189],"class_list":{"0":"post-4845","1":"product","2":"type-product","3":"status-publish","4":"has-post-thumbnail","6":"product_cat-screw-glass-bottle","7":"product_tag-100ml","8":"product_tag-30ml","9":"product_tag-50ml","10":"product_tag-crimp-neck","11":"product_tag-mub","12":"product_tag-perfume-glass-bottles","13":"product_tag-round-shape","14":"product_tag-with-ball-cap","16":"first","17":"instock","18":"shipping-taxable","19":"product-type-simple"},"_links":{"self":[{"href":"https:\/\/www.mubtf.com\/fr\/wp-json\/wp\/v2\/product\/4845","targetHints":{"allow":["GET"]}}],"collection":[{"href":"https:\/\/www.mubtf.com\/fr\/wp-json\/wp\/v2\/product"}],"about":[{"href":"https:\/\/www.mubtf.com\/fr\/wp-json\/wp\/v2\/types\/product"}],"replies":[{"embeddable":true,"href":"https:\/\/www.mubtf.com\/fr\/wp-json\/wp\/v2\/comments?post=4845"}],"wp:featuredmedia":[{"embeddable":true,"href":"https:\/\/www.mubtf.com\/fr\/wp-json\/wp\/v2\/media\/4846"}],"wp:attachment":[{"href":"https:\/\/www.mubtf.com\/fr\/wp-json\/wp\/v2\/media?parent=4845"}],"wp:term":[{"taxonomy":"product_brand","embeddable":true,"href":"https:\/\/www.mubtf.com\/fr\/wp-json\/wp\/v2\/product_brand?post=4845"},{"taxonomy":"product_cat","embeddable":true,"href":"https:\/\/www.mubtf.com\/fr\/wp-json\/wp\/v2\/product_cat?post=4845"},{"taxonomy":"product_tag","embeddable":true,"href":"https:\/\/www.mubtf.com\/fr\/wp-json\/wp\/v2\/product_tag?post=4845"}],"curies":[{"name":"WP","href":"https:\/\/api.w.org\/{rel}","templated":true}]}}