{"id":2027,"date":"2025-03-28T17:42:59","date_gmt":"2025-03-28T09:42:59","guid":{"rendered":"https:\/\/www.mubtf.com\/?post_type=product&#038;p=2027"},"modified":"2025-06-02T10:46:48","modified_gmt":"2025-06-02T02:46:48","slug":"mub-empty-50ml-100ml-crimp-pressurized-spray-distorted-mouth-perfume-glass-bottle","status":"publish","type":"product","link":"https:\/\/www.mubtf.com\/pt\/product\/mub-empty-50ml-100ml-crimp-pressurized-spray-distorted-mouth-perfume-glass-bottle\/","title":{"rendered":"MUB vazio 50 ml 100 ml Spray Pressured Crimp Spray Distorted Mouth Perfume Glass Bottle"},"content":{"rendered":"<p>Artigo:50 ml 100 ml garrafa de vidro de perfume de boca distorcida<\/p>\n<p>Material: garrafa de vidro, spray de alum\u00ednio, capa de pl\u00e1stico<\/p>\n<p>Pesco\u00e7o: 15 mm<\/p>\n<p>Tamanho da garrafa : 52*103mm\/69*124 mm (com altura da tampa)<\/p>\n<p>MOQ: 500pcs<\/p>","protected":false},"excerpt":{"rendered":"<div class=\"detail-attr-item\">\n<div>Capacidade: 50 ml, 100 ml. Pode preencher perfume de 50 a 100 ml<\/div>\n<div class=\"detail-attr-label\">Marca: MUB<\/div>\n<\/div>\n<div class=\"detail-attr-item\">\n<div class=\"detail-attr-label\">Origem do produto: Yiwu, China<\/div>\n<\/div>\n<div class=\"detail-attr-item\">\n<div class=\"detail-attr-label\">Tempo de entrega: (1) Em a\u00e7\u00f5es:Dentro de 5~10 dias ap\u00f3s receber o pagamento. (2) fora de a\u00e7\u00f5es:25 ~ 40 dias ap\u00f3s receber o pagamento.<\/div>\n<\/div>","protected":false},"featured_media":2044,"comment_status":"open","ping_status":"closed","template":"","meta":{"_joinchat":[]},"product_brand":[],"product_cat":[192],"product_tag":[40,37],"class_list":{"0":"post-2027","1":"product","2":"type-product","3":"status-publish","4":"has-post-thumbnail","6":"product_cat-crimp-glass-bottle","7":"product_tag-black","8":"product_tag-white","10":"first","11":"instock","12":"shipping-taxable","13":"product-type-simple"},"_links":{"self":[{"href":"https:\/\/www.mubtf.com\/pt\/wp-json\/wp\/v2\/product\/2027","targetHints":{"allow":["GET"]}}],"collection":[{"href":"https:\/\/www.mubtf.com\/pt\/wp-json\/wp\/v2\/product"}],"about":[{"href":"https:\/\/www.mubtf.com\/pt\/wp-json\/wp\/v2\/types\/product"}],"replies":[{"embeddable":true,"href":"https:\/\/www.mubtf.com\/pt\/wp-json\/wp\/v2\/comments?post=2027"}],"wp:featuredmedia":[{"embeddable":true,"href":"https:\/\/www.mubtf.com\/pt\/wp-json\/wp\/v2\/media\/2044"}],"wp:attachment":[{"href":"https:\/\/www.mubtf.com\/pt\/wp-json\/wp\/v2\/media?parent=2027"}],"wp:term":[{"taxonomy":"product_brand","embeddable":true,"href":"https:\/\/www.mubtf.com\/pt\/wp-json\/wp\/v2\/product_brand?post=2027"},{"taxonomy":"product_cat","embeddable":true,"href":"https:\/\/www.mubtf.com\/pt\/wp-json\/wp\/v2\/product_cat?post=2027"},{"taxonomy":"product_tag","embeddable":true,"href":"https:\/\/www.mubtf.com\/pt\/wp-json\/wp\/v2\/product_tag?post=2027"}],"curies":[{"name":"wp","href":"https:\/\/api.w.org\/{rel}","templated":true}]}}