{"id":2303,"date":"2025-03-31T14:28:28","date_gmt":"2025-03-31T06:28:28","guid":{"rendered":"https:\/\/www.mubtf.com\/?post_type=product&#038;p=2303"},"modified":"2025-06-02T10:36:14","modified_gmt":"2025-06-02T02:36:14","slug":"50ml-100ml-high-quality-press-spray-perfume-glass-bottle","status":"publish","type":"product","link":"https:\/\/www.mubtf.com\/pt\/product\/50ml-100ml-high-quality-press-spray-perfume-glass-bottle\/","title":{"rendered":"50 ml 100 ml Spray High Quality Press Spray Flash Perfume Glass"},"content":{"rendered":"<div class=\"attribute-item\">\n<div class=\"left\" data-spm-anchor-id=\"a2700.details.0.i76.14632c4cA616Qq\">Nome da marca: MUB<\/div>\n<\/div>\n<div class=\"attribute-item\">\n<div class=\"left\">Logo\/design gr\u00e1fico:<span data-spm-anchor-id=\"a2700.details.0.i77.14632c4cA616Qq\">aceitar<\/span><\/div>\n<\/div>\n<div class=\"attribute-item\">\n<div class=\"left\">Processo de Impress\u00e3o: Impress\u00e3o de tela de seda<\/div>\n<\/div>\n<div class=\"attribute-item\">\n<div class=\"left\">Forma:redondo<\/div>\n<\/div>","protected":false},"excerpt":{"rendered":"<p>Marca: MUB<br \/>\nOrigem do produto: Yiwu, China<br \/>\nTempo de entrega: (1) Em a\u00e7\u00f5es:Dentro de 5~10 dias ap\u00f3s receber o pagamento. (2) fora do stock:25 ~ 40 dias depois<\/p>","protected":false},"featured_media":2321,"comment_status":"open","ping_status":"closed","template":"","meta":{"_joinchat":[]},"product_brand":[],"product_cat":[192],"product_tag":[77,76,75],"class_list":{"0":"post-2303","1":"product","2":"type-product","3":"status-publish","4":"has-post-thumbnail","6":"product_cat-crimp-glass-bottle","7":"product_tag-100ml-perfume-bottle-with-gold-cap","8":"product_tag-100ml-press-spray-glass-bottle","9":"product_tag-high-quality-glass-bottle","11":"first","12":"instock","13":"shipping-taxable","14":"product-type-simple"},"_links":{"self":[{"href":"https:\/\/www.mubtf.com\/pt\/wp-json\/wp\/v2\/product\/2303","targetHints":{"allow":["GET"]}}],"collection":[{"href":"https:\/\/www.mubtf.com\/pt\/wp-json\/wp\/v2\/product"}],"about":[{"href":"https:\/\/www.mubtf.com\/pt\/wp-json\/wp\/v2\/types\/product"}],"replies":[{"embeddable":true,"href":"https:\/\/www.mubtf.com\/pt\/wp-json\/wp\/v2\/comments?post=2303"}],"wp:featuredmedia":[{"embeddable":true,"href":"https:\/\/www.mubtf.com\/pt\/wp-json\/wp\/v2\/media\/2321"}],"wp:attachment":[{"href":"https:\/\/www.mubtf.com\/pt\/wp-json\/wp\/v2\/media?parent=2303"}],"wp:term":[{"taxonomy":"product_brand","embeddable":true,"href":"https:\/\/www.mubtf.com\/pt\/wp-json\/wp\/v2\/product_brand?post=2303"},{"taxonomy":"product_cat","embeddable":true,"href":"https:\/\/www.mubtf.com\/pt\/wp-json\/wp\/v2\/product_cat?post=2303"},{"taxonomy":"product_tag","embeddable":true,"href":"https:\/\/www.mubtf.com\/pt\/wp-json\/wp\/v2\/product_tag?post=2303"}],"curies":[{"name":"wp","href":"https:\/\/api.w.org\/{rel}","templated":true}]}}