{"id":2309,"date":"2025-03-31T14:32:09","date_gmt":"2025-03-31T06:32:09","guid":{"rendered":"https:\/\/www.mubtf.com\/?post_type=product&#038;p=2309"},"modified":"2025-06-02T10:35:16","modified_gmt":"2025-06-02T02:35:16","slug":"matte-clear-spray-bottle-15ml-frosted-clear-glass-spray-bottle-portable-perfume-atomizer-bottle","status":"publish","type":"product","link":"https:\/\/www.mubtf.com\/pt\/product\/matte-clear-spray-bottle-15ml-frosted-clear-glass-spray-bottle-portable-perfume-atomizer-bottle\/","title":{"rendered":"Flasco de pulverizador transparente de mat\u00e9ria 15 ml Flasco de pulverizador de vidro transparente congelado Flasco de pulverizador de perfume port\u00e1vel"},"content":{"rendered":"<p>Elemento: 15 ml garrafa essencial de vidro de \u00f3leo<br \/>\nMaterial: garrafa de vidro com rolo de vidro\/a\u00e7o<br \/>\nPeso:30g<br \/>\nTamanho da garrafa : 95*22 mm (com altura da tampa)<br \/>\nMOQ: 1000pcs<\/p>","protected":false},"excerpt":{"rendered":"<p>Capacidade: 15 ml. Pode preencher perfume de 15,5 ml-16 ml<br \/>\nMarca: MUB<br \/>\nOrigem do produto: Yiwu, China<br \/>\nTempo de entrega: (1) Em a\u00e7\u00f5es:Dentro de 5~10 dias ap\u00f3s receber o pagamento. (2) fora de a\u00e7\u00f5es:25 ~ 40 dias ap\u00f3s receber o pagamento.<\/p>","protected":false},"featured_media":2318,"comment_status":"open","ping_status":"closed","template":"","meta":{"_joinchat":[]},"product_brand":[],"product_cat":[194],"product_tag":[71,78],"class_list":{"0":"post-2309","1":"product","2":"type-product","3":"status-publish","4":"has-post-thumbnail","6":"product_cat-glass-roll-on-bottle","7":"product_tag-essential-oil-bottle","8":"product_tag-matte-clear-essential-oil-bottle","10":"first","11":"instock","12":"shipping-taxable","13":"product-type-simple"},"_links":{"self":[{"href":"https:\/\/www.mubtf.com\/pt\/wp-json\/wp\/v2\/product\/2309","targetHints":{"allow":["GET"]}}],"collection":[{"href":"https:\/\/www.mubtf.com\/pt\/wp-json\/wp\/v2\/product"}],"about":[{"href":"https:\/\/www.mubtf.com\/pt\/wp-json\/wp\/v2\/types\/product"}],"replies":[{"embeddable":true,"href":"https:\/\/www.mubtf.com\/pt\/wp-json\/wp\/v2\/comments?post=2309"}],"wp:featuredmedia":[{"embeddable":true,"href":"https:\/\/www.mubtf.com\/pt\/wp-json\/wp\/v2\/media\/2318"}],"wp:attachment":[{"href":"https:\/\/www.mubtf.com\/pt\/wp-json\/wp\/v2\/media?parent=2309"}],"wp:term":[{"taxonomy":"product_brand","embeddable":true,"href":"https:\/\/www.mubtf.com\/pt\/wp-json\/wp\/v2\/product_brand?post=2309"},{"taxonomy":"product_cat","embeddable":true,"href":"https:\/\/www.mubtf.com\/pt\/wp-json\/wp\/v2\/product_cat?post=2309"},{"taxonomy":"product_tag","embeddable":true,"href":"https:\/\/www.mubtf.com\/pt\/wp-json\/wp\/v2\/product_tag?post=2309"}],"curies":[{"name":"wp","href":"https:\/\/api.w.org\/{rel}","templated":true}]}}