{"id":2327,"date":"2025-03-31T14:38:06","date_gmt":"2025-03-31T06:38:06","guid":{"rendered":"https:\/\/www.mubtf.com\/?post_type=product&#038;p=2327"},"modified":"2025-06-02T10:34:23","modified_gmt":"2025-06-02T02:34:23","slug":"wholesale-fancy-10ml-cosmetic-packaging-square-round-glass-bottle-perfume-bottles-with-gold-silver-black-top-spray","status":"publish","type":"product","link":"https:\/\/www.mubtf.com\/pt\/product\/wholesale-fancy-10ml-cosmetic-packaging-square-round-glass-bottle-perfume-bottles-with-gold-silver-black-top-spray\/","title":{"rendered":"Grande Fancy 10ml Cosmetic Packaging Square Round Glass Bottle Perfume Bottles with Gold Silver Black Top Spray"},"content":{"rendered":"<p>Objeto: garrafa de vidro essencial de 10 ml<br \/>\nMaterial: garrafa de vidro com rolo de a\u00e7o\/vidro<br \/>\nPeso:22g<br \/>\nTamanho da garrafa : 20*85mm (com altura do tamp\u00e3o)<br \/>\nMOQ: 1000pcs<\/p>","protected":false},"excerpt":{"rendered":"<p>Capacidade: 10 ml. Pode preencher 10,5 ml-11 ml de \u00f3leo essencial<br \/>\nMarca: MUB<br \/>\nOrigem do produto: Yiwu, China<br \/>\nTempo de entrega: (1) Em a\u00e7\u00f5es:Dentro de 5~10 dias ap\u00f3s receber o pagamento. (2) fora de a\u00e7\u00f5es:25 ~ 40 dias ap\u00f3s receber o pagamento.<\/p>","protected":false},"featured_media":2312,"comment_status":"open","ping_status":"closed","template":"","meta":{"_joinchat":[]},"product_brand":[],"product_cat":[194],"product_tag":[79],"class_list":{"0":"post-2327","1":"product","2":"type-product","3":"status-publish","4":"has-post-thumbnail","6":"product_cat-glass-roll-on-bottle","7":"product_tag-round-essential-oil-bottle","9":"first","10":"instock","11":"shipping-taxable","12":"product-type-simple"},"_links":{"self":[{"href":"https:\/\/www.mubtf.com\/pt\/wp-json\/wp\/v2\/product\/2327","targetHints":{"allow":["GET"]}}],"collection":[{"href":"https:\/\/www.mubtf.com\/pt\/wp-json\/wp\/v2\/product"}],"about":[{"href":"https:\/\/www.mubtf.com\/pt\/wp-json\/wp\/v2\/types\/product"}],"replies":[{"embeddable":true,"href":"https:\/\/www.mubtf.com\/pt\/wp-json\/wp\/v2\/comments?post=2327"}],"wp:featuredmedia":[{"embeddable":true,"href":"https:\/\/www.mubtf.com\/pt\/wp-json\/wp\/v2\/media\/2312"}],"wp:attachment":[{"href":"https:\/\/www.mubtf.com\/pt\/wp-json\/wp\/v2\/media?parent=2327"}],"wp:term":[{"taxonomy":"product_brand","embeddable":true,"href":"https:\/\/www.mubtf.com\/pt\/wp-json\/wp\/v2\/product_brand?post=2327"},{"taxonomy":"product_cat","embeddable":true,"href":"https:\/\/www.mubtf.com\/pt\/wp-json\/wp\/v2\/product_cat?post=2327"},{"taxonomy":"product_tag","embeddable":true,"href":"https:\/\/www.mubtf.com\/pt\/wp-json\/wp\/v2\/product_tag?post=2327"}],"curies":[{"name":"wp","href":"https:\/\/api.w.org\/{rel}","templated":true}]}}