{"id":2442,"date":"2025-03-31T15:52:59","date_gmt":"2025-03-31T07:52:59","guid":{"rendered":"https:\/\/www.mubtf.com\/?post_type=product&#038;p=2442"},"modified":"2025-06-02T10:31:21","modified_gmt":"2025-06-02T02:31:21","slug":"high-quality-10ml-perfume-glass-roll-on-bottle-essential-oil","status":"publish","type":"product","link":"https:\/\/www.mubtf.com\/pt\/product\/high-quality-10ml-perfume-glass-roll-on-bottle-essential-oil\/","title":{"rendered":"R\u00f4lio de vidro de perfume de 10 ml de alta qualidade em frasco de \u00f3leo essencial"},"content":{"rendered":"<p>Objeto: garrafa de vidro essencial de 10 ml<br \/>\nMaterial: garrafa de vidro com tampas pl\u00e1sticas de alum\u00ednio<br \/>\nPeso:22g<br \/>\nTamanho da garrafa : 20*85mm (com altura do tamp\u00e3o)<br \/>\nMOQ: 1000pcs<\/p>","protected":false},"excerpt":{"rendered":"<p>Capacidade: 10 ml. Pode preencher 10 ml de \u00f3leo essencial<br \/>\nMarca: MUB<br \/>\nOrigem do produto: Yiwu, China<br \/>\nTempo de entrega: (1) Em a\u00e7\u00f5es:Dentro de 5~10 dias ap\u00f3s receber o pagamento. (2) fora de a\u00e7\u00f5es:25 ~ 40 dias ap\u00f3s receber o pagamento.<\/p>","protected":false},"featured_media":2418,"comment_status":"open","ping_status":"closed","template":"","meta":{"_joinchat":[]},"product_brand":[],"product_cat":[194],"product_tag":[71],"class_list":{"0":"post-2442","1":"product","2":"type-product","3":"status-publish","4":"has-post-thumbnail","6":"product_cat-glass-roll-on-bottle","7":"product_tag-essential-oil-bottle","9":"first","10":"instock","11":"shipping-taxable","12":"product-type-simple"},"_links":{"self":[{"href":"https:\/\/www.mubtf.com\/pt\/wp-json\/wp\/v2\/product\/2442","targetHints":{"allow":["GET"]}}],"collection":[{"href":"https:\/\/www.mubtf.com\/pt\/wp-json\/wp\/v2\/product"}],"about":[{"href":"https:\/\/www.mubtf.com\/pt\/wp-json\/wp\/v2\/types\/product"}],"replies":[{"embeddable":true,"href":"https:\/\/www.mubtf.com\/pt\/wp-json\/wp\/v2\/comments?post=2442"}],"wp:featuredmedia":[{"embeddable":true,"href":"https:\/\/www.mubtf.com\/pt\/wp-json\/wp\/v2\/media\/2418"}],"wp:attachment":[{"href":"https:\/\/www.mubtf.com\/pt\/wp-json\/wp\/v2\/media?parent=2442"}],"wp:term":[{"taxonomy":"product_brand","embeddable":true,"href":"https:\/\/www.mubtf.com\/pt\/wp-json\/wp\/v2\/product_brand?post=2442"},{"taxonomy":"product_cat","embeddable":true,"href":"https:\/\/www.mubtf.com\/pt\/wp-json\/wp\/v2\/product_cat?post=2442"},{"taxonomy":"product_tag","embeddable":true,"href":"https:\/\/www.mubtf.com\/pt\/wp-json\/wp\/v2\/product_tag?post=2442"}],"curies":[{"name":"wp","href":"https:\/\/api.w.org\/{rel}","templated":true}]}}