{"id":2525,"date":"2025-04-01T10:03:36","date_gmt":"2025-04-01T02:03:36","guid":{"rendered":"https:\/\/www.mubtf.com\/?post_type=product&#038;p=2525"},"modified":"2025-05-28T15:29:17","modified_gmt":"2025-05-28T07:29:17","slug":"in-stock-essential-oil-perfume-roller-bottle-blue-amber-10ml-glass-roll-on-bottle-with-plastic-cap-metal-ball","status":"publish","type":"product","link":"https:\/\/www.mubtf.com\/pt\/product\/in-stock-essential-oil-perfume-roller-bottle-blue-amber-10ml-glass-roll-on-bottle-with-plastic-cap-metal-ball\/","title":{"rendered":"Em Stocks Essential Oil Perfume Roller Bottle Blue Amber 10 ml Glass Roll on Bottle with Plastic Cap Metal Ball"},"content":{"rendered":"<p>Objeto: garrafa de vidro essencial de 10 ml<br \/>\nMaterial: garrafa de vidro com tampas pl\u00e1sticas de alum\u00ednio<br \/>\nPeso:22g<br \/>\nTamanho da garrafa : 20*85mm (com altura do tamp\u00e3o)<br \/>\nMOQ: 1000pcs<\/p>","protected":false},"excerpt":{"rendered":"<p>Capacidade: 10 ml. Pode preencher 11 ml-12 ml de \u00f3leo essencial<br \/>\nMarca: MUB<br \/>\nOrigem do produto: Yiwu, China<br \/>\nTempo de entrega: (1) Em a\u00e7\u00f5es:Dentro de 5~10 dias ap\u00f3s receber o pagamento. (2) fora de a\u00e7\u00f5es:25 ~ 40 dias ap\u00f3s receber o pagamento.<\/p>","protected":false},"featured_media":2389,"comment_status":"open","ping_status":"closed","template":"","meta":{"_joinchat":[]},"product_brand":[],"product_cat":[194],"product_tag":[71],"class_list":{"0":"post-2525","1":"product","2":"type-product","3":"status-publish","4":"has-post-thumbnail","6":"product_cat-glass-roll-on-bottle","7":"product_tag-essential-oil-bottle","9":"first","10":"instock","11":"shipping-taxable","12":"product-type-simple"},"_links":{"self":[{"href":"https:\/\/www.mubtf.com\/pt\/wp-json\/wp\/v2\/product\/2525","targetHints":{"allow":["GET"]}}],"collection":[{"href":"https:\/\/www.mubtf.com\/pt\/wp-json\/wp\/v2\/product"}],"about":[{"href":"https:\/\/www.mubtf.com\/pt\/wp-json\/wp\/v2\/types\/product"}],"replies":[{"embeddable":true,"href":"https:\/\/www.mubtf.com\/pt\/wp-json\/wp\/v2\/comments?post=2525"}],"wp:featuredmedia":[{"embeddable":true,"href":"https:\/\/www.mubtf.com\/pt\/wp-json\/wp\/v2\/media\/2389"}],"wp:attachment":[{"href":"https:\/\/www.mubtf.com\/pt\/wp-json\/wp\/v2\/media?parent=2525"}],"wp:term":[{"taxonomy":"product_brand","embeddable":true,"href":"https:\/\/www.mubtf.com\/pt\/wp-json\/wp\/v2\/product_brand?post=2525"},{"taxonomy":"product_cat","embeddable":true,"href":"https:\/\/www.mubtf.com\/pt\/wp-json\/wp\/v2\/product_cat?post=2525"},{"taxonomy":"product_tag","embeddable":true,"href":"https:\/\/www.mubtf.com\/pt\/wp-json\/wp\/v2\/product_tag?post=2525"}],"curies":[{"name":"wp","href":"https:\/\/api.w.org\/{rel}","templated":true}]}}