{"id":2735,"date":"2025-04-02T10:54:47","date_gmt":"2025-04-02T02:54:47","guid":{"rendered":"https:\/\/www.mubtf.com\/?post_type=product&#038;p=2735"},"modified":"2025-05-28T15:25:11","modified_gmt":"2025-05-28T07:25:11","slug":"wholesale-customize-10ml-luxury-small-size-travel-perfume-spray-bottle","status":"publish","type":"product","link":"https:\/\/www.mubtf.com\/pt\/product\/wholesale-customize-10ml-luxury-small-size-travel-perfume-spray-bottle\/","title":{"rendered":"Adiciona ao grosso 10 ml Luxury Small Size Travel Perfume Spray Bottle"},"content":{"rendered":"<p>Objeto: garrafa de vidro essencial de 10 ml<br \/>\nMaterial: garrafa de vidro com tampas de alum\u00ednio<br \/>\nPeso:22g<br \/>\nTamanho da garrafa : 20*85mm (com altura do tamp\u00e3o)<br \/>\nMOQ: 1000pcs<\/p>","protected":false},"excerpt":{"rendered":"<p>Capacidade: 10 ml. Pode preencher 11 ml-12 ml de \u00f3leo essencial<br \/>\nMarca: MUB<br \/>\nOrigem do produto: Yiwu, China<br \/>\nTempo de entrega: (1) Em a\u00e7\u00f5es:Dentro de 5~10 dias ap\u00f3s receber o pagamento. (2) fora de a\u00e7\u00f5es:25 ~ 40 dias ap\u00f3s receber o pagamento.<\/p>","protected":false},"featured_media":2724,"comment_status":"open","ping_status":"closed","template":"","meta":{"_joinchat":[]},"product_brand":[],"product_cat":[257],"product_tag":[85,72],"class_list":{"0":"post-2735","1":"product","2":"type-product","3":"status-publish","4":"has-post-thumbnail","6":"product_cat-glass-tube-bottle","7":"product_tag-essential-oil-bottles","8":"product_tag-mini-essential-oil-bottle","10":"first","11":"instock","12":"shipping-taxable","13":"product-type-simple"},"_links":{"self":[{"href":"https:\/\/www.mubtf.com\/pt\/wp-json\/wp\/v2\/product\/2735","targetHints":{"allow":["GET"]}}],"collection":[{"href":"https:\/\/www.mubtf.com\/pt\/wp-json\/wp\/v2\/product"}],"about":[{"href":"https:\/\/www.mubtf.com\/pt\/wp-json\/wp\/v2\/types\/product"}],"replies":[{"embeddable":true,"href":"https:\/\/www.mubtf.com\/pt\/wp-json\/wp\/v2\/comments?post=2735"}],"wp:featuredmedia":[{"embeddable":true,"href":"https:\/\/www.mubtf.com\/pt\/wp-json\/wp\/v2\/media\/2724"}],"wp:attachment":[{"href":"https:\/\/www.mubtf.com\/pt\/wp-json\/wp\/v2\/media?parent=2735"}],"wp:term":[{"taxonomy":"product_brand","embeddable":true,"href":"https:\/\/www.mubtf.com\/pt\/wp-json\/wp\/v2\/product_brand?post=2735"},{"taxonomy":"product_cat","embeddable":true,"href":"https:\/\/www.mubtf.com\/pt\/wp-json\/wp\/v2\/product_cat?post=2735"},{"taxonomy":"product_tag","embeddable":true,"href":"https:\/\/www.mubtf.com\/pt\/wp-json\/wp\/v2\/product_tag?post=2735"}],"curies":[{"name":"wp","href":"https:\/\/api.w.org\/{rel}","templated":true}]}}