{"id":2814,"date":"2025-04-02T14:21:02","date_gmt":"2025-04-02T06:21:02","guid":{"rendered":"https:\/\/www.mubtf.com\/?post_type=product&#038;p=2814"},"modified":"2025-05-28T15:23:15","modified_gmt":"2025-05-28T07:23:15","slug":"wholesale-essential-oil-perfume-4ml-5ml-8ml-10ml-frosted-clear-amber-blue-glass-roll-on-bottle-with-metal-roller-ball","status":"publish","type":"product","link":"https:\/\/www.mubtf.com\/pt\/product\/wholesale-essential-oil-perfume-4ml-5ml-8ml-10ml-frosted-clear-amber-blue-glass-roll-on-bottle-with-metal-roller-ball\/","title":{"rendered":"Parfumo essencial de \u00f3leo ao grosso 4ml 5ml 8ml 10ml Glass azul claro e congelado Roll on Bottle with Metal Roller Ball"},"content":{"rendered":"<p>Objeto: garrafa de vidro essencial de 10 ml<br \/>\nMaterial: garrafa de vidro com tampas de alum\u00ednio<br \/>\nPeso:22g<br \/>\nTamanho da garrafa : 20*85mm (com altura do tamp\u00e3o)<br \/>\nMOQ: 1000pcs<\/p>","protected":false},"excerpt":{"rendered":"<p>Capacidade: 10 ml. Pode preencher 11 ml-12 ml de \u00f3leo essencial<br \/>\nMarca: MUB<br \/>\nOrigem do produto: Yiwu, China<br \/>\nTempo de entrega: (1) Em a\u00e7\u00f5es:Dentro de 5~10 dias ap\u00f3s receber o pagamento. (2) fora de a\u00e7\u00f5es:25 ~ 40 dias ap\u00f3s receber o pagamento.<\/p>","protected":false},"featured_media":2826,"comment_status":"open","ping_status":"closed","template":"","meta":{"_joinchat":[]},"product_brand":[],"product_cat":[194],"product_tag":[85,93],"class_list":{"0":"post-2814","1":"product","2":"type-product","3":"status-publish","4":"has-post-thumbnail","6":"product_cat-glass-roll-on-bottle","7":"product_tag-essential-oil-bottles","8":"product_tag-perfume-glass-bottle","10":"first","11":"instock","12":"shipping-taxable","13":"product-type-simple"},"_links":{"self":[{"href":"https:\/\/www.mubtf.com\/pt\/wp-json\/wp\/v2\/product\/2814","targetHints":{"allow":["GET"]}}],"collection":[{"href":"https:\/\/www.mubtf.com\/pt\/wp-json\/wp\/v2\/product"}],"about":[{"href":"https:\/\/www.mubtf.com\/pt\/wp-json\/wp\/v2\/types\/product"}],"replies":[{"embeddable":true,"href":"https:\/\/www.mubtf.com\/pt\/wp-json\/wp\/v2\/comments?post=2814"}],"wp:featuredmedia":[{"embeddable":true,"href":"https:\/\/www.mubtf.com\/pt\/wp-json\/wp\/v2\/media\/2826"}],"wp:attachment":[{"href":"https:\/\/www.mubtf.com\/pt\/wp-json\/wp\/v2\/media?parent=2814"}],"wp:term":[{"taxonomy":"product_brand","embeddable":true,"href":"https:\/\/www.mubtf.com\/pt\/wp-json\/wp\/v2\/product_brand?post=2814"},{"taxonomy":"product_cat","embeddable":true,"href":"https:\/\/www.mubtf.com\/pt\/wp-json\/wp\/v2\/product_cat?post=2814"},{"taxonomy":"product_tag","embeddable":true,"href":"https:\/\/www.mubtf.com\/pt\/wp-json\/wp\/v2\/product_tag?post=2814"}],"curies":[{"name":"wp","href":"https:\/\/api.w.org\/{rel}","templated":true}]}}