{"id":3056,"date":"2025-04-02T17:23:30","date_gmt":"2025-04-02T09:23:30","guid":{"rendered":"https:\/\/www.mubtf.com\/?post_type=product&#038;p=3056"},"modified":"2025-05-28T15:14:14","modified_gmt":"2025-05-28T07:14:14","slug":"3ml-5ml-amber-glass-bottle-with-gold-silver-and-black-aluminum-spray-pump-for-perfume-sample-packing","status":"publish","type":"product","link":"https:\/\/www.mubtf.com\/pt\/product\/3ml-5ml-amber-glass-bottle-with-gold-silver-and-black-aluminum-spray-pump-for-perfume-sample-packing\/","title":{"rendered":"Flasco de vidro amarelo de 3 ml com prata de ouro e bomba de pulveriza\u00e7\u00e3o de alum\u00ednio negro para embalagem de amostras de perfume"},"content":{"rendered":"<div class=\"attribute-item\">\n<div class=\"left\" data-spm-anchor-id=\"a2700.details.0.i76.12582f3aBKnn82\">Nome da marca:<span data-spm-anchor-id=\"a2700.details.0.i77.12582f3aBKnn82\">MUB<\/span><\/div>\n<\/div>\n<div class=\"attribute-item\">\n<div class=\"left\">Capacidade do frasco:3ml 5ml<\/div>\n<\/div>\n<div class=\"attribute-item\">\n<div class=\"left\">Cor:cores personalizadas<\/div>\n<\/div>\n<div class=\"attribute-item\">\n<div class=\"left\">Nome do produto:garrafa de perfume de pulveriza\u00e7\u00e3o<\/div>\n<\/div>","protected":false},"excerpt":{"rendered":"<p>Marca: MUB<br \/>\nOrigem do produto: Yiwu, China<br \/>\nTempo de entrega: (1) Em a\u00e7\u00f5es:Dentro de 5~10 dias ap\u00f3s receber o pagamento. (2) fora de a\u00e7\u00f5es:25 ~ 40 dias ap\u00f3s receber o pagamento.<\/p>","protected":false},"featured_media":3057,"comment_status":"open","ping_status":"closed","template":"","meta":{"_joinchat":[]},"product_brand":[],"product_cat":[257],"product_tag":[94,99,95],"class_list":{"0":"post-3056","1":"product","2":"type-product","3":"status-publish","4":"has-post-thumbnail","6":"product_cat-glass-tube-bottle","7":"product_tag-3ml","8":"product_tag-5ml","9":"product_tag-amber-color","11":"first","12":"instock","13":"shipping-taxable","14":"product-type-simple"},"_links":{"self":[{"href":"https:\/\/www.mubtf.com\/pt\/wp-json\/wp\/v2\/product\/3056","targetHints":{"allow":["GET"]}}],"collection":[{"href":"https:\/\/www.mubtf.com\/pt\/wp-json\/wp\/v2\/product"}],"about":[{"href":"https:\/\/www.mubtf.com\/pt\/wp-json\/wp\/v2\/types\/product"}],"replies":[{"embeddable":true,"href":"https:\/\/www.mubtf.com\/pt\/wp-json\/wp\/v2\/comments?post=3056"}],"wp:featuredmedia":[{"embeddable":true,"href":"https:\/\/www.mubtf.com\/pt\/wp-json\/wp\/v2\/media\/3057"}],"wp:attachment":[{"href":"https:\/\/www.mubtf.com\/pt\/wp-json\/wp\/v2\/media?parent=3056"}],"wp:term":[{"taxonomy":"product_brand","embeddable":true,"href":"https:\/\/www.mubtf.com\/pt\/wp-json\/wp\/v2\/product_brand?post=3056"},{"taxonomy":"product_cat","embeddable":true,"href":"https:\/\/www.mubtf.com\/pt\/wp-json\/wp\/v2\/product_cat?post=3056"},{"taxonomy":"product_tag","embeddable":true,"href":"https:\/\/www.mubtf.com\/pt\/wp-json\/wp\/v2\/product_tag?post=3056"}],"curies":[{"name":"wp","href":"https:\/\/api.w.org\/{rel}","templated":true}]}}