{"id":3189,"date":"2025-04-06T15:04:16","date_gmt":"2025-04-06T07:04:16","guid":{"rendered":"https:\/\/www.mubtf.com\/?post_type=product&#038;p=3189"},"modified":"2025-05-28T15:10:22","modified_gmt":"2025-05-28T07:10:22","slug":"mub-50ml-100ml-crimp-cylinder-press-spray-bottle-glass-perfume-bottle","status":"publish","type":"product","link":"https:\/\/www.mubtf.com\/pt\/product\/mub-50ml-100ml-crimp-cylinder-press-spray-bottle-glass-perfume-bottle\/","title":{"rendered":"MUB 50 ml 100 ml Cilindro de Crimp Spray Bottle Perfume Bottle"},"content":{"rendered":"<p>Artigo:50 ml garrafa de vidro de perfume de 100 ml<\/p>\n<p>Material: garrafa de vidro, tampa acr\u00edlica de pulveriza\u00e7\u00e3o de alum\u00ednio<\/p>\n<p>Cor do cabelo: preto,ouro,prata<\/p>\n<p>Pesco\u00e7o:15mm<\/p>\n<p>MOQ: 500pcs<\/p>","protected":false},"excerpt":{"rendered":"<div class=\"detail-attr-item\">\n<div class=\"detail-attr-item\">\n<div>Capacidade: 50 ml 100 ml. Pode preencher perfume<\/div>\n<div class=\"detail-attr-label\">Marca: MUB<\/div>\n<\/div>\n<div class=\"detail-attr-item\">\n<div class=\"detail-attr-label\">Origem do produto: Yiwu, China<\/div>\n<\/div>\n<div class=\"detail-attr-item\">\n<div class=\"detail-attr-label\">Tempo de entrega: (1) Em a\u00e7\u00f5es:Dentro de 5~10 dias ap\u00f3s receber o pagamento. (2) fora de a\u00e7\u00f5es:25 ~ 40 dias ap\u00f3s receber o pagamento.<\/div>\n<\/div>\n<\/div>","protected":false},"featured_media":3194,"comment_status":"open","ping_status":"closed","template":"","meta":{"_joinchat":[]},"product_brand":[],"product_cat":[192],"product_tag":[103,40,43,82,83,41],"class_list":{"0":"post-3189","1":"product","2":"type-product","3":"status-publish","4":"has-post-thumbnail","6":"product_cat-crimp-glass-bottle","7":"product_tag-acrylic","8":"product_tag-black","9":"product_tag-crimp-perfume-bottle","10":"product_tag-gold","11":"product_tag-lid","12":"product_tag-silver","14":"first","15":"instock","16":"shipping-taxable","17":"product-type-simple"},"_links":{"self":[{"href":"https:\/\/www.mubtf.com\/pt\/wp-json\/wp\/v2\/product\/3189","targetHints":{"allow":["GET"]}}],"collection":[{"href":"https:\/\/www.mubtf.com\/pt\/wp-json\/wp\/v2\/product"}],"about":[{"href":"https:\/\/www.mubtf.com\/pt\/wp-json\/wp\/v2\/types\/product"}],"replies":[{"embeddable":true,"href":"https:\/\/www.mubtf.com\/pt\/wp-json\/wp\/v2\/comments?post=3189"}],"wp:featuredmedia":[{"embeddable":true,"href":"https:\/\/www.mubtf.com\/pt\/wp-json\/wp\/v2\/media\/3194"}],"wp:attachment":[{"href":"https:\/\/www.mubtf.com\/pt\/wp-json\/wp\/v2\/media?parent=3189"}],"wp:term":[{"taxonomy":"product_brand","embeddable":true,"href":"https:\/\/www.mubtf.com\/pt\/wp-json\/wp\/v2\/product_brand?post=3189"},{"taxonomy":"product_cat","embeddable":true,"href":"https:\/\/www.mubtf.com\/pt\/wp-json\/wp\/v2\/product_cat?post=3189"},{"taxonomy":"product_tag","embeddable":true,"href":"https:\/\/www.mubtf.com\/pt\/wp-json\/wp\/v2\/product_tag?post=3189"}],"curies":[{"name":"wp","href":"https:\/\/api.w.org\/{rel}","templated":true}]}}