{"id":3895,"date":"2025-04-16T11:59:57","date_gmt":"2025-04-16T03:59:57","guid":{"rendered":"https:\/\/www.mubtf.com\/?post_type=product&#038;p=3895"},"modified":"2025-05-28T14:54:22","modified_gmt":"2025-05-28T06:54:22","slug":"mub-mini-5ml-10ml-slim-amber-screw-glass-pull-tube-perfume-bottle-glass-sample-empty-bottle","status":"publish","type":"product","link":"https:\/\/www.mubtf.com\/pt\/product\/mub-mini-5ml-10ml-slim-amber-screw-glass-pull-tube-perfume-bottle-glass-sample-empty-bottle\/","title":{"rendered":"MUB Mini 5 ml 10 ml de vidro de vidro de vidro de amarelo fino Tire tubo de perfume Flasco de vidro amostra de vidro vazio Flasco"},"content":{"rendered":"<div class=\"attribute-item\">\n<div class=\"left\" data-spm-anchor-id=\"a2700.details.0.i83.788160baUAqgBG\">Objeto:5ml 10ml Amber Slim Screw Glass pulse tube perfume bottle<\/div>\n<\/div>\n<div class=\"attribute-item\">\n<div class=\"left\">Material: tampa de vidro de alum\u00ednio<\/div>\n<\/div>\n<div class=\"attribute-item\">\n<div class=\"left\">Cor:ambra<\/div>\n<\/div>\n<div class=\"attribute-item\">\n<div class=\"left\">Capacidade:<span data-spm-anchor-id=\"a2700.details.0.i84.788160baUAqgBG\">5 ml 10 ml<\/span><\/div>\n<\/div>\n<div class=\"attribute-item\">\n<div class=\"left\">Mostra:Available<\/div>\n<\/div>\n<div class=\"attribute-item\">\n<div class=\"left\">MOQ:100pcs<\/div>\n<\/div>","protected":false},"excerpt":{"rendered":"<p>Marca: MUB<br \/>\nOrigem do produto: Yiwu, China<br \/>\nTempo de entrega: (1) Em a\u00e7\u00f5es:Dentro de 5~10 dias ap\u00f3s receber o pagamento. (2) fora de a\u00e7\u00f5es:25 ~ 40 dias ap\u00f3s receber o pagamento.<\/p>","protected":false},"featured_media":3896,"comment_status":"open","ping_status":"closed","template":"","meta":{"_joinchat":[]},"product_brand":[],"product_cat":[257],"product_tag":[134,133,132],"class_list":{"0":"post-3895","1":"product","2":"type-product","3":"status-publish","4":"has-post-thumbnail","6":"product_cat-glass-tube-bottle","7":"product_tag-amber","8":"product_tag-screw","9":"product_tag-tube","11":"first","12":"instock","13":"shipping-taxable","14":"product-type-simple"},"_links":{"self":[{"href":"https:\/\/www.mubtf.com\/pt\/wp-json\/wp\/v2\/product\/3895","targetHints":{"allow":["GET"]}}],"collection":[{"href":"https:\/\/www.mubtf.com\/pt\/wp-json\/wp\/v2\/product"}],"about":[{"href":"https:\/\/www.mubtf.com\/pt\/wp-json\/wp\/v2\/types\/product"}],"replies":[{"embeddable":true,"href":"https:\/\/www.mubtf.com\/pt\/wp-json\/wp\/v2\/comments?post=3895"}],"wp:featuredmedia":[{"embeddable":true,"href":"https:\/\/www.mubtf.com\/pt\/wp-json\/wp\/v2\/media\/3896"}],"wp:attachment":[{"href":"https:\/\/www.mubtf.com\/pt\/wp-json\/wp\/v2\/media?parent=3895"}],"wp:term":[{"taxonomy":"product_brand","embeddable":true,"href":"https:\/\/www.mubtf.com\/pt\/wp-json\/wp\/v2\/product_brand?post=3895"},{"taxonomy":"product_cat","embeddable":true,"href":"https:\/\/www.mubtf.com\/pt\/wp-json\/wp\/v2\/product_cat?post=3895"},{"taxonomy":"product_tag","embeddable":true,"href":"https:\/\/www.mubtf.com\/pt\/wp-json\/wp\/v2\/product_tag?post=3895"}],"curies":[{"name":"wp","href":"https:\/\/api.w.org\/{rel}","templated":true}]}}