{"id":4347,"date":"2025-04-23T17:01:07","date_gmt":"2025-04-23T09:01:07","guid":{"rendered":"https:\/\/www.mubtf.com\/?post_type=product&#038;p=4347"},"modified":"2025-05-09T11:15:12","modified_gmt":"2025-05-09T03:15:12","slug":"mub-30ml-portable-aluminium-travel-refillable-fragrance-atomizer-glass-bottle","status":"publish","type":"product","link":"https:\/\/www.mubtf.com\/pt\/product\/mub-30ml-portable-aluminium-travel-refillable-fragrance-atomizer-glass-bottle\/","title":{"rendered":"MUB 30 ml Fragr\u00e2ncia Refil\u00e1vel de Aluminio Viagem Port\u00e1vel Fragr\u00e2ncia Botelha de vidro Atomizador"},"content":{"rendered":"<p>Material de base: alum\u00ednio<br \/>\nProcesso de Impress\u00e3o -- Impress\u00e3o de tela de seda<br \/>\nForma: ROUND<br \/>\nMaterial: corpo de vidro de caixa de alum\u00ednio<\/p>","protected":false},"excerpt":{"rendered":"<p>Marca: MUB<br \/>\nOrigem do produto: Yiwu, China<br \/>\nTempo de entrega: (1) Em a\u00e7\u00f5es:Dentro de 5~10 dias ap\u00f3s receber o pagamento.<br \/>\n(2) fora de a\u00e7\u00f5es:25 ~ 40 dias ap\u00f3s receber o pagamento.<\/p>","protected":false},"featured_media":4350,"comment_status":"open","ping_status":"closed","template":"","meta":{"_joinchat":[]},"product_brand":[],"product_cat":[23],"product_tag":[89,161,152,138,151],"class_list":{"0":"post-4347","1":"product","2":"type-product","3":"status-publish","4":"has-post-thumbnail","6":"product_cat-aluminum-perfume-atomizers","7":"product_tag-30ml","8":"product_tag-aluminium-refillable-fragrance-atomizer","9":"product_tag-glass-bottle","10":"product_tag-mub","11":"product_tag-portable","13":"first","14":"instock","15":"shipping-taxable","16":"product-type-simple"},"_links":{"self":[{"href":"https:\/\/www.mubtf.com\/pt\/wp-json\/wp\/v2\/product\/4347","targetHints":{"allow":["GET"]}}],"collection":[{"href":"https:\/\/www.mubtf.com\/pt\/wp-json\/wp\/v2\/product"}],"about":[{"href":"https:\/\/www.mubtf.com\/pt\/wp-json\/wp\/v2\/types\/product"}],"replies":[{"embeddable":true,"href":"https:\/\/www.mubtf.com\/pt\/wp-json\/wp\/v2\/comments?post=4347"}],"wp:featuredmedia":[{"embeddable":true,"href":"https:\/\/www.mubtf.com\/pt\/wp-json\/wp\/v2\/media\/4350"}],"wp:attachment":[{"href":"https:\/\/www.mubtf.com\/pt\/wp-json\/wp\/v2\/media?parent=4347"}],"wp:term":[{"taxonomy":"product_brand","embeddable":true,"href":"https:\/\/www.mubtf.com\/pt\/wp-json\/wp\/v2\/product_brand?post=4347"},{"taxonomy":"product_cat","embeddable":true,"href":"https:\/\/www.mubtf.com\/pt\/wp-json\/wp\/v2\/product_cat?post=4347"},{"taxonomy":"product_tag","embeddable":true,"href":"https:\/\/www.mubtf.com\/pt\/wp-json\/wp\/v2\/product_tag?post=4347"}],"curies":[{"name":"wp","href":"https:\/\/api.w.org\/{rel}","templated":true}]}}