{"id":4454,"date":"2025-04-25T16:59:51","date_gmt":"2025-04-25T08:59:51","guid":{"rendered":"https:\/\/www.mubtf.com\/?post_type=product&#038;p=4454"},"modified":"2025-05-28T14:45:38","modified_gmt":"2025-05-28T06:45:38","slug":"mub-hot-sale-empty-6ml-attar-glass-bottle-for-essential-oil","status":"publish","type":"product","link":"https:\/\/www.mubtf.com\/pt\/product\/mub-hot-sale-empty-6ml-attar-glass-bottle-for-essential-oil\/","title":{"rendered":"MUB Hot Sell Empty 6ml Attar Glass Bottle for Essential Oil"},"content":{"rendered":"<p>Objeto: garrafa de vidro de perfume de 6 ml<\/p>\n<p>Material: Bote de vidro de vidro<\/p>\n<p>Cor:Negro,Rosa<\/p>\n<p>Tamanho:22*59mm<\/p>\n<p>MOQ: 1000pcs<\/p>","protected":false},"excerpt":{"rendered":"<div class=\"detail-attr-item\">\n<div class=\"detail-attr-item\">\n<div>Capacidade: 6ml. Pode preencher perfume<\/div>\n<div class=\"detail-attr-label\">Marca: MUB<\/div>\n<\/div>\n<div class=\"detail-attr-item\">\n<div class=\"detail-attr-label\">Origem do produto: Yiwu, China<\/div>\n<\/div>\n<div class=\"detail-attr-item\">\n<div class=\"detail-attr-label\">Tempo de entrega: (1) Em a\u00e7\u00f5es:Dentro de 5~10 dias ap\u00f3s receber o pagamento. (2) fora de a\u00e7\u00f5es:25 ~ 40 dias ap\u00f3s receber o pagamento.<\/div>\n<\/div>\n<\/div>","protected":false},"featured_media":4457,"comment_status":"open","ping_status":"closed","template":"","meta":{"_joinchat":[]},"product_brand":[],"product_cat":[194],"product_tag":[71],"class_list":{"0":"post-4454","1":"product","2":"type-product","3":"status-publish","4":"has-post-thumbnail","6":"product_cat-glass-roll-on-bottle","7":"product_tag-essential-oil-bottle","9":"first","10":"instock","11":"shipping-taxable","12":"product-type-simple"},"_links":{"self":[{"href":"https:\/\/www.mubtf.com\/pt\/wp-json\/wp\/v2\/product\/4454","targetHints":{"allow":["GET"]}}],"collection":[{"href":"https:\/\/www.mubtf.com\/pt\/wp-json\/wp\/v2\/product"}],"about":[{"href":"https:\/\/www.mubtf.com\/pt\/wp-json\/wp\/v2\/types\/product"}],"replies":[{"embeddable":true,"href":"https:\/\/www.mubtf.com\/pt\/wp-json\/wp\/v2\/comments?post=4454"}],"wp:featuredmedia":[{"embeddable":true,"href":"https:\/\/www.mubtf.com\/pt\/wp-json\/wp\/v2\/media\/4457"}],"wp:attachment":[{"href":"https:\/\/www.mubtf.com\/pt\/wp-json\/wp\/v2\/media?parent=4454"}],"wp:term":[{"taxonomy":"product_brand","embeddable":true,"href":"https:\/\/www.mubtf.com\/pt\/wp-json\/wp\/v2\/product_brand?post=4454"},{"taxonomy":"product_cat","embeddable":true,"href":"https:\/\/www.mubtf.com\/pt\/wp-json\/wp\/v2\/product_cat?post=4454"},{"taxonomy":"product_tag","embeddable":true,"href":"https:\/\/www.mubtf.com\/pt\/wp-json\/wp\/v2\/product_tag?post=4454"}],"curies":[{"name":"wp","href":"https:\/\/api.w.org\/{rel}","templated":true}]}}