{"id":4466,"date":"2025-04-25T17:12:10","date_gmt":"2025-04-25T09:12:10","guid":{"rendered":"https:\/\/www.mubtf.com\/?post_type=product&#038;p=4466"},"modified":"2025-05-28T14:44:26","modified_gmt":"2025-05-28T06:44:26","slug":"mub-hot-sale-empty-3ml-6ml-10ml-12ml-clear-attar-glass-bottle-for-essential-oil-with-aluminum-cap","status":"publish","type":"product","link":"https:\/\/www.mubtf.com\/pt\/product\/mub-hot-sale-empty-3ml-6ml-10ml-12ml-clear-attar-glass-bottle-for-essential-oil-with-aluminum-cap\/","title":{"rendered":"MUB Venda quente vazia 3ml 6 ml 10 ml 12 ml Flasco de vidro de atar claro para \u00f3leo essencial com tampa de alum\u00ednio"},"content":{"rendered":"<p>Artigo:3ml 6 ml 10 ml 12 ml garrafa de vidro de perfume<\/p>\n<p>Material: Bote de vidro de vidro<\/p>\n<p>Cor:Negro,Rosa<\/p>\n<p>MOQ: 1000pcs<\/p>","protected":false},"excerpt":{"rendered":"<div class=\"detail-attr-item\">\n<div class=\"detail-attr-item\">\n<div>Capacidade: 3ml 6ml 10ml 12ml. Pode preencher perfume<\/div>\n<div class=\"detail-attr-label\">Marca: MUB<\/div>\n<\/div>\n<div class=\"detail-attr-item\">\n<div class=\"detail-attr-label\">Origem do produto: Yiwu, China<\/div>\n<\/div>\n<div class=\"detail-attr-item\">\n<div class=\"detail-attr-label\">Tempo de entrega: (1) Em a\u00e7\u00f5es:Dentro de 5~10 dias ap\u00f3s receber o pagamento. (2) fora de a\u00e7\u00f5es:25 ~ 40 dias ap\u00f3s receber o pagamento.<\/div>\n<\/div>\n<\/div>","protected":false},"featured_media":4472,"comment_status":"open","ping_status":"closed","template":"","meta":{"_joinchat":[]},"product_brand":[],"product_cat":[194],"product_tag":[71],"class_list":{"0":"post-4466","1":"product","2":"type-product","3":"status-publish","4":"has-post-thumbnail","6":"product_cat-glass-roll-on-bottle","7":"product_tag-essential-oil-bottle","9":"first","10":"instock","11":"shipping-taxable","12":"product-type-simple"},"_links":{"self":[{"href":"https:\/\/www.mubtf.com\/pt\/wp-json\/wp\/v2\/product\/4466","targetHints":{"allow":["GET"]}}],"collection":[{"href":"https:\/\/www.mubtf.com\/pt\/wp-json\/wp\/v2\/product"}],"about":[{"href":"https:\/\/www.mubtf.com\/pt\/wp-json\/wp\/v2\/types\/product"}],"replies":[{"embeddable":true,"href":"https:\/\/www.mubtf.com\/pt\/wp-json\/wp\/v2\/comments?post=4466"}],"wp:featuredmedia":[{"embeddable":true,"href":"https:\/\/www.mubtf.com\/pt\/wp-json\/wp\/v2\/media\/4472"}],"wp:attachment":[{"href":"https:\/\/www.mubtf.com\/pt\/wp-json\/wp\/v2\/media?parent=4466"}],"wp:term":[{"taxonomy":"product_brand","embeddable":true,"href":"https:\/\/www.mubtf.com\/pt\/wp-json\/wp\/v2\/product_brand?post=4466"},{"taxonomy":"product_cat","embeddable":true,"href":"https:\/\/www.mubtf.com\/pt\/wp-json\/wp\/v2\/product_cat?post=4466"},{"taxonomy":"product_tag","embeddable":true,"href":"https:\/\/www.mubtf.com\/pt\/wp-json\/wp\/v2\/product_tag?post=4466"}],"curies":[{"name":"wp","href":"https:\/\/api.w.org\/{rel}","templated":true}]}}