{"id":4546,"date":"2025-04-28T18:10:33","date_gmt":"2025-04-28T10:10:33","guid":{"rendered":"https:\/\/www.mubtf.com\/?post_type=product&#038;p=4546"},"modified":"2025-05-28T14:43:40","modified_gmt":"2025-05-28T06:43:40","slug":"wholesale-price-custom-bottle-25ml-50ml-empty-perfume-bottle-oval-shape-glass-bottle-with-spray","status":"publish","type":"product","link":"https:\/\/www.mubtf.com\/pt\/product\/wholesale-price-custom-bottle-25ml-50ml-empty-perfume-bottle-oval-shape-glass-bottle-with-spray\/","title":{"rendered":"Pre\u00e7o de grosso Flasco personalizado 25ml Flasco de perfume vazio Flasco de ovo Forma de vidro Flasco com pulveriza\u00e7\u00e3o"},"content":{"rendered":"<div class=\"attribute-item\">\n<div class=\"left\" data-spm-anchor-id=\"a2700.details.0.i60.33e1ff4d47rHUc\">Nome da marca: MUB<\/div>\n<\/div>\n<div class=\"attribute-item\">\n<div class=\"left\">Processo de Impress\u00e3o<span data-spm-anchor-id=\"a2700.details.0.i79.33e1ff4d47rHUc\">Impress\u00e3o de tela de seda<\/span><\/div>\n<\/div>\n<div class=\"attribute-item\">\n<div class=\"left\">Capacidade de Botelha: 25 ml 50 ml<\/div>\n<\/div>\n<div class=\"attribute-item\">\n<div class=\"left\">Cores personalizadas<\/div>\n<\/div>","protected":false},"excerpt":{"rendered":"<p>Marca: MUB<br \/>\nOrigem do produto: Yiwu, China<br \/>\nTempo de entrega: (1) Em a\u00e7\u00f5es:Dentro de 5~10 dias ap\u00f3s receber o pagamento.<br \/>\n(2) fora de a\u00e7\u00f5es:25 ~ 40 dias ap\u00f3s receber o pagamento.<\/p>","protected":false},"featured_media":4547,"comment_status":"open","ping_status":"closed","template":"","meta":{"_joinchat":[]},"product_brand":[],"product_cat":[191],"product_tag":[173,90,174,176,175],"class_list":{"0":"post-4546","1":"product","2":"type-product","3":"status-publish","4":"has-post-thumbnail","6":"product_cat-screw-glass-bottle","7":"product_tag-25ml","8":"product_tag-50ml","9":"product_tag-empty-perfume-bottle","10":"product_tag-glass-bottle-with-spray","11":"product_tag-oval-shape","13":"first","14":"instock","15":"shipping-taxable","16":"product-type-simple"},"_links":{"self":[{"href":"https:\/\/www.mubtf.com\/pt\/wp-json\/wp\/v2\/product\/4546","targetHints":{"allow":["GET"]}}],"collection":[{"href":"https:\/\/www.mubtf.com\/pt\/wp-json\/wp\/v2\/product"}],"about":[{"href":"https:\/\/www.mubtf.com\/pt\/wp-json\/wp\/v2\/types\/product"}],"replies":[{"embeddable":true,"href":"https:\/\/www.mubtf.com\/pt\/wp-json\/wp\/v2\/comments?post=4546"}],"wp:featuredmedia":[{"embeddable":true,"href":"https:\/\/www.mubtf.com\/pt\/wp-json\/wp\/v2\/media\/4547"}],"wp:attachment":[{"href":"https:\/\/www.mubtf.com\/pt\/wp-json\/wp\/v2\/media?parent=4546"}],"wp:term":[{"taxonomy":"product_brand","embeddable":true,"href":"https:\/\/www.mubtf.com\/pt\/wp-json\/wp\/v2\/product_brand?post=4546"},{"taxonomy":"product_cat","embeddable":true,"href":"https:\/\/www.mubtf.com\/pt\/wp-json\/wp\/v2\/product_cat?post=4546"},{"taxonomy":"product_tag","embeddable":true,"href":"https:\/\/www.mubtf.com\/pt\/wp-json\/wp\/v2\/product_tag?post=4546"}],"curies":[{"name":"wp","href":"https:\/\/api.w.org\/{rel}","templated":true}]}}