{"id":4570,"date":"2025-04-29T16:27:19","date_gmt":"2025-04-29T08:27:19","guid":{"rendered":"https:\/\/www.mubtf.com\/?post_type=product&#038;p=4570"},"modified":"2025-05-28T14:42:32","modified_gmt":"2025-05-28T06:42:32","slug":"mub-30ml-glass-refillable-spiral-thick-bottom-square-glass-atomizer-perfume-bottle-cosmetic-empty-spray-bottle-container","status":"publish","type":"product","link":"https:\/\/www.mubtf.com\/pt\/product\/mub-30ml-glass-refillable-spiral-thick-bottom-square-glass-atomizer-perfume-bottle-cosmetic-empty-spray-bottle-container\/","title":{"rendered":"MUB 30 ml de vidro refrilado espiral espiral espiritual espiritual espiritual espiritual espiritual quadrado inferior vidro atomizador frasco perfume Bottle Cosmetic Empty Spray Bottle Container"},"content":{"rendered":"<p>Material de base<br \/>\nProcesso de Impress\u00e3o -- Impress\u00e3o de tela de seda<br \/>\nForma, quadrado<br \/>\nMaterial: Flasco de vidro, Spray de alum\u00ednio, CAP de pl\u00e1stico<\/p>","protected":false},"excerpt":{"rendered":"<p>Marca: MUB<br \/>\nOrigem do produto: Yiwu, China<br \/>\nTempo de entrega: (1) Em a\u00e7\u00f5es:Dentro de 5~10 dias ap\u00f3s receber o pagamento.<br \/>\n(2) fora de a\u00e7\u00f5es:25 ~ 40 dias ap\u00f3s receber o pagamento.<\/p>","protected":false},"featured_media":4571,"comment_status":"open","ping_status":"closed","template":"","meta":{"_joinchat":[]},"product_brand":[],"product_cat":[191],"product_tag":[89,183,145,181,122,182],"class_list":{"0":"post-4570","1":"product","2":"type-product","3":"status-publish","4":"has-post-thumbnail","6":"product_cat-screw-glass-bottle","7":"product_tag-30ml","8":"product_tag-glass-atomizer-perfume-bottle","9":"product_tag-refillable","10":"product_tag-spiral","11":"product_tag-square","12":"product_tag-thick-bottom","14":"first","15":"instock","16":"shipping-taxable","17":"product-type-simple"},"_links":{"self":[{"href":"https:\/\/www.mubtf.com\/pt\/wp-json\/wp\/v2\/product\/4570","targetHints":{"allow":["GET"]}}],"collection":[{"href":"https:\/\/www.mubtf.com\/pt\/wp-json\/wp\/v2\/product"}],"about":[{"href":"https:\/\/www.mubtf.com\/pt\/wp-json\/wp\/v2\/types\/product"}],"replies":[{"embeddable":true,"href":"https:\/\/www.mubtf.com\/pt\/wp-json\/wp\/v2\/comments?post=4570"}],"wp:featuredmedia":[{"embeddable":true,"href":"https:\/\/www.mubtf.com\/pt\/wp-json\/wp\/v2\/media\/4571"}],"wp:attachment":[{"href":"https:\/\/www.mubtf.com\/pt\/wp-json\/wp\/v2\/media?parent=4570"}],"wp:term":[{"taxonomy":"product_brand","embeddable":true,"href":"https:\/\/www.mubtf.com\/pt\/wp-json\/wp\/v2\/product_brand?post=4570"},{"taxonomy":"product_cat","embeddable":true,"href":"https:\/\/www.mubtf.com\/pt\/wp-json\/wp\/v2\/product_cat?post=4570"},{"taxonomy":"product_tag","embeddable":true,"href":"https:\/\/www.mubtf.com\/pt\/wp-json\/wp\/v2\/product_tag?post=4570"}],"curies":[{"name":"wp","href":"https:\/\/api.w.org\/{rel}","templated":true}]}}