{"id":4654,"date":"2025-04-30T17:33:01","date_gmt":"2025-04-30T09:33:01","guid":{"rendered":"https:\/\/www.mubtf.com\/?post_type=product&#038;p=4654"},"modified":"2025-05-28T14:39:27","modified_gmt":"2025-05-28T06:39:27","slug":"mub-conical-essential-oil-roll-on-bottle-christmas-tree-shape-with-anodized-colored-aluminum-cap-custom-logo","status":"publish","type":"product","link":"https:\/\/www.mubtf.com\/pt\/product\/mub-conical-essential-oil-roll-on-bottle-christmas-tree-shape-with-anodized-colored-aluminum-cap-custom-logo\/","title":{"rendered":"MUB Conical Essential Oil Roll-on Bottle Christmas Tree Shape com logotipo personalizado de Aluminium Cap Colored Anodizado"},"content":{"rendered":"<p>Objeto: garrafa essencial de petr\u00f3leo<\/p>\n<p>Material: Ficheiro de vidro Lid de Aluminio de Bola de Aceiro<\/p>\n<p>Cor do Lid:cores misturadas<\/p>\n<p>MOQ: 1000pcs<\/p>","protected":false},"excerpt":{"rendered":"<div class=\"detail-attr-item\">\n<div class=\"detail-attr-item\">\n<div>Capacidade: 30 ml. Pode preencher perfume\/\u00f3leo essencial<\/div>\n<div class=\"detail-attr-label\">Marca: MUB<\/div>\n<\/div>\n<div class=\"detail-attr-item\">\n<div class=\"detail-attr-label\">Origem do produto: Yiwu, China<\/div>\n<\/div>\n<div class=\"detail-attr-item\">\n<div class=\"detail-attr-label\">Tempo de entrega: (1) Em a\u00e7\u00f5es:Dentro de 5~10 dias ap\u00f3s receber o pagamento. (2) fora de a\u00e7\u00f5es:25 ~ 40 dias ap\u00f3s receber o pagamento.<\/div>\n<\/div>\n<\/div>","protected":false},"featured_media":4655,"comment_status":"open","ping_status":"closed","template":"","meta":{"_joinchat":[]},"product_brand":[],"product_cat":[194],"product_tag":[71],"class_list":{"0":"post-4654","1":"product","2":"type-product","3":"status-publish","4":"has-post-thumbnail","6":"product_cat-glass-roll-on-bottle","7":"product_tag-essential-oil-bottle","9":"first","10":"instock","11":"shipping-taxable","12":"product-type-simple"},"_links":{"self":[{"href":"https:\/\/www.mubtf.com\/pt\/wp-json\/wp\/v2\/product\/4654","targetHints":{"allow":["GET"]}}],"collection":[{"href":"https:\/\/www.mubtf.com\/pt\/wp-json\/wp\/v2\/product"}],"about":[{"href":"https:\/\/www.mubtf.com\/pt\/wp-json\/wp\/v2\/types\/product"}],"replies":[{"embeddable":true,"href":"https:\/\/www.mubtf.com\/pt\/wp-json\/wp\/v2\/comments?post=4654"}],"wp:featuredmedia":[{"embeddable":true,"href":"https:\/\/www.mubtf.com\/pt\/wp-json\/wp\/v2\/media\/4655"}],"wp:attachment":[{"href":"https:\/\/www.mubtf.com\/pt\/wp-json\/wp\/v2\/media?parent=4654"}],"wp:term":[{"taxonomy":"product_brand","embeddable":true,"href":"https:\/\/www.mubtf.com\/pt\/wp-json\/wp\/v2\/product_brand?post=4654"},{"taxonomy":"product_cat","embeddable":true,"href":"https:\/\/www.mubtf.com\/pt\/wp-json\/wp\/v2\/product_cat?post=4654"},{"taxonomy":"product_tag","embeddable":true,"href":"https:\/\/www.mubtf.com\/pt\/wp-json\/wp\/v2\/product_tag?post=4654"}],"curies":[{"name":"wp","href":"https:\/\/api.w.org\/{rel}","templated":true}]}}