{"id":4712,"date":"2025-05-04T16:30:24","date_gmt":"2025-05-04T08:30:24","guid":{"rendered":"https:\/\/www.mubtf.com\/?post_type=product&#038;p=4712"},"modified":"2025-05-28T14:37:51","modified_gmt":"2025-05-28T06:37:51","slug":"mub-3ml-5ml-10ml-short-neck-essential-oil-bottle-with-anodized-aluminum-cap-leakproof-refillable-bulk-custom-logo","status":"publish","type":"product","link":"https:\/\/www.mubtf.com\/pt\/product\/mub-3ml-5ml-10ml-short-neck-essential-oil-bottle-with-anodized-aluminum-cap-leakproof-refillable-bulk-custom-logo\/","title":{"rendered":"MUB 3ml 5ml 10ml de garrafa de \u00f3leo essencial de pesco\u00e7o curto com logotipo personalizado de bulco refrilado de cobertura de alum\u00ednio an\u00f4dizo"},"content":{"rendered":"<p>Objeto: garrafa essencial de petr\u00f3leo<\/p>\n<p>Material: Ficheiro de vidro Lid de Aluminio de Bola de Aceiro<\/p>\n<p>Cor do Lid: negro,prata,ouro<\/p>\n<p>MOQ: 1000pcs<\/p>","protected":false},"excerpt":{"rendered":"<div class=\"detail-attr-item\">\n<div class=\"detail-attr-item\">\n<div>Capacidade: 3ml 5ml 10ml. Pode preencher perfume\/\u00f3leo essencial<\/div>\n<div class=\"detail-attr-label\">Marca: MUB<\/div>\n<\/div>\n<div class=\"detail-attr-item\">\n<div class=\"detail-attr-label\">Origem do produto: Yiwu, China<\/div>\n<\/div>\n<div class=\"detail-attr-item\">\n<div class=\"detail-attr-label\">Tempo de entrega: (1) Em a\u00e7\u00f5es:Dentro de 5~10 dias ap\u00f3s receber o pagamento. (2) fora de a\u00e7\u00f5es:25 ~ 40 dias ap\u00f3s receber o pagamento.<\/div>\n<\/div>\n<\/div>","protected":false},"featured_media":4717,"comment_status":"open","ping_status":"closed","template":"","meta":{"_joinchat":[]},"product_brand":[],"product_cat":[194],"product_tag":[71],"class_list":{"0":"post-4712","1":"product","2":"type-product","3":"status-publish","4":"has-post-thumbnail","6":"product_cat-glass-roll-on-bottle","7":"product_tag-essential-oil-bottle","9":"first","10":"instock","11":"shipping-taxable","12":"product-type-simple"},"_links":{"self":[{"href":"https:\/\/www.mubtf.com\/pt\/wp-json\/wp\/v2\/product\/4712","targetHints":{"allow":["GET"]}}],"collection":[{"href":"https:\/\/www.mubtf.com\/pt\/wp-json\/wp\/v2\/product"}],"about":[{"href":"https:\/\/www.mubtf.com\/pt\/wp-json\/wp\/v2\/types\/product"}],"replies":[{"embeddable":true,"href":"https:\/\/www.mubtf.com\/pt\/wp-json\/wp\/v2\/comments?post=4712"}],"wp:featuredmedia":[{"embeddable":true,"href":"https:\/\/www.mubtf.com\/pt\/wp-json\/wp\/v2\/media\/4717"}],"wp:attachment":[{"href":"https:\/\/www.mubtf.com\/pt\/wp-json\/wp\/v2\/media?parent=4712"}],"wp:term":[{"taxonomy":"product_brand","embeddable":true,"href":"https:\/\/www.mubtf.com\/pt\/wp-json\/wp\/v2\/product_brand?post=4712"},{"taxonomy":"product_cat","embeddable":true,"href":"https:\/\/www.mubtf.com\/pt\/wp-json\/wp\/v2\/product_cat?post=4712"},{"taxonomy":"product_tag","embeddable":true,"href":"https:\/\/www.mubtf.com\/pt\/wp-json\/wp\/v2\/product_tag?post=4712"}],"curies":[{"name":"wp","href":"https:\/\/api.w.org\/{rel}","templated":true}]}}