{"id":4845,"date":"2025-05-07T17:35:53","date_gmt":"2025-05-07T09:35:53","guid":{"rendered":"https:\/\/www.mubtf.com\/?post_type=product&#038;p=4845"},"modified":"2025-06-04T15:02:37","modified_gmt":"2025-06-04T07:02:37","slug":"mub-wholesale-empty-round-shape-custom-logo-30ml-50ml-100ml-crimp-neck-perfume-glass-bottles-with-ball-cap","status":"publish","type":"product","link":"https:\/\/www.mubtf.com\/pt\/product\/mub-wholesale-empty-round-shape-custom-logo-30ml-50ml-100ml-crimp-neck-perfume-glass-bottles-with-ball-cap\/","title":{"rendered":"MUB Grande Empty Round Shape Logo personalizado 30ml 50ml 100ml Flascos de vidro de perfume refilado com tampa de bola"},"content":{"rendered":"<p>Material de base<br \/>\nProcesso de Impress\u00e3o -- Impress\u00e3o de tela de seda<br \/>\nForma<br \/>\nMaterial: Flasco de vidro, Spray de alum\u00ednio, CAP<\/p>","protected":false},"excerpt":{"rendered":"<p>Marca: MUB<br \/>\nOrigem do produto: Yiwu, China<br \/>\nTempo de entrega: (1) Em a\u00e7\u00f5es:Dentro de 5~10 dias ap\u00f3s receber o pagamento.<br \/>\n(2) fora de a\u00e7\u00f5es:25 ~ 40 dias ap\u00f3s receber o pagamento.<\/p>","protected":false},"featured_media":4846,"comment_status":"open","ping_status":"closed","template":"","meta":{"_joinchat":[]},"product_brand":[],"product_cat":[191],"product_tag":[91,89,90,179,138,188,187,189],"class_list":{"0":"post-4845","1":"product","2":"type-product","3":"status-publish","4":"has-post-thumbnail","6":"product_cat-screw-glass-bottle","7":"product_tag-100ml","8":"product_tag-30ml","9":"product_tag-50ml","10":"product_tag-crimp-neck","11":"product_tag-mub","12":"product_tag-perfume-glass-bottles","13":"product_tag-round-shape","14":"product_tag-with-ball-cap","16":"first","17":"instock","18":"shipping-taxable","19":"product-type-simple"},"_links":{"self":[{"href":"https:\/\/www.mubtf.com\/pt\/wp-json\/wp\/v2\/product\/4845","targetHints":{"allow":["GET"]}}],"collection":[{"href":"https:\/\/www.mubtf.com\/pt\/wp-json\/wp\/v2\/product"}],"about":[{"href":"https:\/\/www.mubtf.com\/pt\/wp-json\/wp\/v2\/types\/product"}],"replies":[{"embeddable":true,"href":"https:\/\/www.mubtf.com\/pt\/wp-json\/wp\/v2\/comments?post=4845"}],"wp:featuredmedia":[{"embeddable":true,"href":"https:\/\/www.mubtf.com\/pt\/wp-json\/wp\/v2\/media\/4846"}],"wp:attachment":[{"href":"https:\/\/www.mubtf.com\/pt\/wp-json\/wp\/v2\/media?parent=4845"}],"wp:term":[{"taxonomy":"product_brand","embeddable":true,"href":"https:\/\/www.mubtf.com\/pt\/wp-json\/wp\/v2\/product_brand?post=4845"},{"taxonomy":"product_cat","embeddable":true,"href":"https:\/\/www.mubtf.com\/pt\/wp-json\/wp\/v2\/product_cat?post=4845"},{"taxonomy":"product_tag","embeddable":true,"href":"https:\/\/www.mubtf.com\/pt\/wp-json\/wp\/v2\/product_tag?post=4845"}],"curies":[{"name":"wp","href":"https:\/\/api.w.org\/{rel}","templated":true}]}}