{"id":4911,"date":"2025-05-08T10:49:39","date_gmt":"2025-05-08T02:49:39","guid":{"rendered":"https:\/\/www.mubtf.com\/?post_type=product&#038;p=4911"},"modified":"2025-05-28T11:57:13","modified_gmt":"2025-05-28T03:57:13","slug":"30ml-oval-screw-perfume-bottle","status":"publish","type":"product","link":"https:\/\/www.mubtf.com\/pt\/product\/30ml-oval-screw-perfume-bottle\/","title":{"rendered":"MUB Forma Oval vazia por grosso - Flasco Logo personalizado 30 ml Flascos de perfume de vidro do pesco\u00e7o"},"content":{"rendered":"<p>Material de base<br \/>\nProcesso de Impress\u00e3o -- Impress\u00e3o de tela de seda<br \/>\nForma<br \/>\nMaterial: Flasco de vidro, Spray de alum\u00ednio, CAP de alum\u00ednio<\/p>","protected":false},"excerpt":{"rendered":"<p>Marca: MUB<br \/>\nOrigem do produto: Yiwu, China<br \/>\nTempo de entrega: (1) Em a\u00e7\u00f5es:Dentro de 5~10 dias ap\u00f3s receber o pagamento.<br \/>\n(2) fora de a\u00e7\u00f5es:25 ~ 40 dias ap\u00f3s receber o pagamento.<\/p>","protected":false},"featured_media":4947,"comment_status":"open","ping_status":"closed","template":"","meta":{"_joinchat":[]},"product_brand":[],"product_cat":[191],"product_tag":[],"class_list":{"0":"post-4911","1":"product","2":"type-product","3":"status-publish","4":"has-post-thumbnail","6":"product_cat-screw-glass-bottle","8":"first","9":"instock","10":"shipping-taxable","11":"product-type-simple"},"_links":{"self":[{"href":"https:\/\/www.mubtf.com\/pt\/wp-json\/wp\/v2\/product\/4911","targetHints":{"allow":["GET"]}}],"collection":[{"href":"https:\/\/www.mubtf.com\/pt\/wp-json\/wp\/v2\/product"}],"about":[{"href":"https:\/\/www.mubtf.com\/pt\/wp-json\/wp\/v2\/types\/product"}],"replies":[{"embeddable":true,"href":"https:\/\/www.mubtf.com\/pt\/wp-json\/wp\/v2\/comments?post=4911"}],"wp:featuredmedia":[{"embeddable":true,"href":"https:\/\/www.mubtf.com\/pt\/wp-json\/wp\/v2\/media\/4947"}],"wp:attachment":[{"href":"https:\/\/www.mubtf.com\/pt\/wp-json\/wp\/v2\/media?parent=4911"}],"wp:term":[{"taxonomy":"product_brand","embeddable":true,"href":"https:\/\/www.mubtf.com\/pt\/wp-json\/wp\/v2\/product_brand?post=4911"},{"taxonomy":"product_cat","embeddable":true,"href":"https:\/\/www.mubtf.com\/pt\/wp-json\/wp\/v2\/product_cat?post=4911"},{"taxonomy":"product_tag","embeddable":true,"href":"https:\/\/www.mubtf.com\/pt\/wp-json\/wp\/v2\/product_tag?post=4911"}],"curies":[{"name":"wp","href":"https:\/\/api.w.org\/{rel}","templated":true}]}}